{"id":12,"date":"2013-12-17T13:15:03","date_gmt":"2013-12-17T13:15:03","guid":{"rendered":"http:\/\/www.dzs-z.hu\/tura\/?page_id=12"},"modified":"2017-04-01T11:47:49","modified_gmt":"2017-04-01T11:47:49","slug":"bukk","status":"publish","type":"page","link":"http:\/\/www.dzs-z.hu\/tura\/bukk","title":{"rendered":"B\u00fckk-hegys\u00e9g t\u00fara le\u00edr\u00e1sok, kir\u00e1ndul\u00e1sok"},"content":{"rendered":"<div class=\"brcs\">\u2217 <a title=\"T\u00fara le\u00edr\u00e1sok, ismertet\u00fak dzs-z t\u00fara k\u00e9pei\" href=\"\/tura\">T\u00fara<\/a> \u00bb <a title=\"Dzs-z t\u00fara le\u00edr\u00e1sok a B\u00fckk-hegys\u00e9gbeli t\u00fara le\u00edr\u00e1s \" href=\"\/tura\/bukk\">B\u00fckk-hegys\u00e9gbeli t\u00fara le\u00edr\u00e1s<\/a><\/div>\n<h3>B\u00fckki t\u00fara le\u00edr\u00e1sok, turista inform\u00e1ci\u00f3, \u00e9lm\u00e9ny, ismertet\u0151<\/h3>\n\n\n<ul class=\"get_posts_class\">\n  <li><span class=\"gpc-c1\"><a href=\"http:\/\/www.dzs-z.hu\/tura\/bukk\/okt-bukk-bankut-uppony-az-okt-23-szakasz-teljesitese\"><img width=\"150\" height=\"150\" src=\"http:\/\/www.dzs-z.hu\/turawp\/wp-content\/uploads\/2022\/04\/okt-23-bankut-uppony-150x150.jpg\" class=\"attachment-thumbnail size-thumbnail wp-post-image\" alt=\"\" decoding=\"async\" srcset=\"http:\/\/www.dzs-z.hu\/turawp\/wp-content\/uploads\/2022\/04\/okt-23-bankut-uppony-150x150.jpg 150w, http:\/\/www.dzs-z.hu\/turawp\/wp-content\/uploads\/2022\/04\/okt-23-bankut-uppony-65x65.jpg 65w\" sizes=\"(max-width: 150px) 100vw, 150px\" \/><\/a><\/span><span class=\"gpc-c2\"><a href=\"http:\/\/www.dzs-z.hu\/tura\/bukk\/okt-bukk-bankut-uppony-az-okt-23-szakasz-teljesitese\">OKT B\u00fckk, B\u00e1nk\u00fat-Uppony , az OKT 23. szakasz teljes\u00edt\u00e9se<\/a><\/span><span class=\"gpc-c3\">2022-04-18 18:12:27<\/span><span class=\"gpc-c4\"><\/span><a href=\"http:\/\/www.dzs-z.hu\/tura\/bukk\/okt-bukk-bankut-uppony-az-okt-23-szakasz-teljesitese\">Tov\u00e1bb<\/a><\/li>\n  <li><span class=\"gpc-c1\"><a href=\"http:\/\/www.dzs-z.hu\/tura\/bukk\/index-html\"><\/a><\/span><span class=\"gpc-c2\"><a href=\"http:\/\/www.dzs-z.hu\/tura\/bukk\/index-html\">B\u00fckk<\/a><\/span><span class=\"gpc-c3\">2013-12-17 13:14:26<\/span><span class=\"gpc-c4\"><\/span><a href=\"http:\/\/www.dzs-z.hu\/tura\/bukk\/index-html\">Tov\u00e1bb<\/a><\/li>\n  <li><span class=\"gpc-c1\"><a href=\"http:\/\/www.dzs-z.hu\/tura\/bukk\/garadna-hermann-otto-emlekpark-2006-07-14\"><img width=\"150\" height=\"150\" src=\"http:\/\/www.dzs-z.hu\/turawp\/wp-content\/uploads\/2006\/07\/bukk-omassa-oskoho-150x150.jpg\" class=\"attachment-thumbnail size-thumbnail wp-post-image\" alt=\"\" decoding=\"async\" \/><\/a><\/span><span class=\"gpc-c2\"><a href=\"http:\/\/www.dzs-z.hu\/tura\/bukk\/garadna-hermann-otto-emlekpark-2006-07-14\">Garadna - Hermann Ott\u00f3 eml\u00e9kpark 2006-07-14<\/a><\/span><span class=\"gpc-c3\">2006-07-14 18:48:26<\/span><span class=\"gpc-c4\"><\/span><a href=\"http:\/\/www.dzs-z.hu\/tura\/bukk\/garadna-hermann-otto-emlekpark-2006-07-14\">Tov\u00e1bb<\/a><\/li>\n  <li><span class=\"gpc-c1\"><a href=\"http:\/\/www.dzs-z.hu\/tura\/bukk\/repashuta-kortura-2006-06-11\"><img width=\"150\" height=\"150\" src=\"http:\/\/www.dzs-z.hu\/turawp\/wp-content\/uploads\/2006\/06\/bukk-repashuta-150x150.jpg\" class=\"attachment-thumbnail size-thumbnail wp-post-image\" alt=\"\" decoding=\"async\" \/><\/a><\/span><span class=\"gpc-c2\"><a href=\"http:\/\/www.dzs-z.hu\/tura\/bukk\/repashuta-kortura-2006-06-11\">R\u00e9p\u00e1shuta k\u00f6rt\u00fara 2006-06-11<\/a><\/span><span class=\"gpc-c3\">2006-06-11 18:40:46<\/span><span class=\"gpc-c4\">R\u00e9p\u00e1shuta k\u00f6rny\u00e9k\u00e9n tett\u00fcnk egy k\u00f6rt\u00far\u00e1t a B\u00fckk-hegys\u00e9gben.<\/span><a href=\"http:\/\/www.dzs-z.hu\/tura\/bukk\/repashuta-kortura-2006-06-11\">Tov\u00e1bb<\/a><\/li>\n  <li><span class=\"gpc-c1\"><a href=\"http:\/\/www.dzs-z.hu\/tura\/bukk\/bukkszentkereszt-hollosteto-bukkszentkereszt-2006-06-10\"><img width=\"150\" height=\"150\" src=\"http:\/\/www.dzs-z.hu\/turawp\/wp-content\/uploads\/2006\/06\/bukk-bukkszentkereszt-150x150.jpg\" class=\"attachment-thumbnail size-thumbnail wp-post-image\" alt=\"\" decoding=\"async\" \/><\/a><\/span><span class=\"gpc-c2\"><a href=\"http:\/\/www.dzs-z.hu\/tura\/bukk\/bukkszentkereszt-hollosteto-bukkszentkereszt-2006-06-10\">B\u00fckkszentkereszt - Holl\u00f3stet\u0151 - B\u00fckkszentkereszt - 2006-06-10<\/a><\/span><span class=\"gpc-c3\">2006-06-10 22:19:53<\/span><span class=\"gpc-c4\">K\u00f6rt\u00fara a B\u00fckkben, B\u00fckkszentkereszt - Holl\u00f3stet\u0151 - B\u00fckkszentkereszt \u00fatvonalon t\u00far\u00e1ztunk.<\/span><a href=\"http:\/\/www.dzs-z.hu\/tura\/bukk\/bukkszentkereszt-hollosteto-bukkszentkereszt-2006-06-10\">Tov\u00e1bb<\/a><\/li>\n<\/ul>\n<h4>B\u00fckk-hegys\u00e9gbeli t\u00fara le\u00edr\u00e1s, B\u00fckki t\u00far\u00e1k<\/h4>\n<p class=\"tab2\">2005-01-29 :: <a title=\"Lillaf\u00fcred \u2013 B\u00fckkszentkereszt \u2013 2005-01-29\" href=\"http:\/\/www.dzs-z.hu\/tura\/bukk\/lillafured-bukkszentkereszt-2005-01-29\">Lillaf\u00fcred &#8211; B\u00fckkszentkereszt t\u00fara<\/a> Lillaf\u00fcred :: B\u00fckkszentkereszt :: Lillaf\u00fcred<\/p>\n<p>2005-06-30 :: <a title=\"Szilv\u00e1sv\u00e1rad \u2013 Ist\u00e1ll\u00f3sk\u0151 \u2013 2005-06-30\" href=\"http:\/\/www.dzs-z.hu\/tura\/bukk\/szilvasvarad-istallosko-2005-06-30\">Szilv\u00e1sv\u00e1rad &#8211; Ist\u00e1ll\u00f3s-k\u0151 t\u00fara<\/a> . Szilv\u00e1sv\u00e1rad :: Ist\u00e1ll\u00f3s k\u0151 :: Szilv\u00e1sv\u00e1rad<\/p>\n<p>2006-04-17 :: <a title=\"Sziv\u00e1sv\u00e1rad k\u00f6rt\u00fara 2006-04-17\" href=\"http:\/\/www.dzs-z.hu\/tura\/bukk\/szivasvarad-kortura-2006-04-17\">Szilv\u00e1sv\u00e1rad k\u00f6rt\u00fara<\/a> 2006 h\u00fasv\u00e9t h\u00e9tf\u0151n Szilv\u00e1sv\u00e1radra ment\u00fcnk egy kicsit t\u00far\u00e1zni.<\/p>\n<p>2006-06-10 :: <a title=\"B\u00fckkszentkereszt \u2013 Holl\u00f3stet\u0151 \u2013 B\u00fckkszentkereszt \u2013 2006-06-10\" href=\"http:\/\/www.dzs-z.hu\/tura\/bukk\/bukkszentkereszt-hollosteto-bukkszentkereszt-2006-06-10\">B\u00fckkszentkereszt Holl\u00f3stet\u0151\u00a0 B\u00fckkszentkereszt<\/a> k\u00f6rt\u00fara B\u00fckkszentkeresztr\u0151l s\u00e9t\u00e1ltunk fel Holl\u00f3stet\u0151re.<\/p>\n<p>2006-06-11 :: <a title=\"R\u00e9p\u00e1shuta k\u00f6rt\u00fara 2006-06-11\" href=\"http:\/\/www.dzs-z.hu\/tura\/bukk\/repashuta-kortura-2006-06-11\">R\u00e9p\u00e1shuta k\u00f6rt\u00fara le\u00edr\u00e1s<\/a> R\u00e9p\u00e1shuta k\u00f6rny\u00e9k\u00e9n t\u00far\u00e1ztunk egy kisebb k\u00f6rt. Az id\u0151, \u00e9s a t\u00e1j is nagyon sz\u00e9p volt.<\/p>\n<p>2006-07-14 :: <a title=\"Garadna \u2013 Hermann Ott\u00f3 eml\u00e9kpark 2006-07-14\" href=\"http:\/\/www.dzs-z.hu\/tura\/bukk\/garadna-hermann-otto-emlekpark-2006-07-14\">Garadna &#8211; Hermann Ott\u00f3 eml\u00e9kpark t\u00fara<\/a> Miskolcr\u00f3l kisvas\u00fattal ment\u00fcnk ki Garadn\u00e1ra, majd onnan s\u00e9t\u00e1ltunk vissza a v\u00e1rosba.<\/p>\n<div class=\"inpostadsfull\"><div style=\"margin:10px auto;text-align:center;\"><script async src=\"\/\/pagead2.googlesyndication.com\/pagead\/js\/adsbygoogle.js\"><\/script><!-- Dzs-recept-1 --><ins class=\"adsbygoogle\"     style=\"display:inline-block;width:728px;height:90px\"     data-ad-client=\"ca-pub-5246420517641697\"     data-ad-slot=\"3352945761\"><\/ins><script>(adsbygoogle = window.adsbygoogle || []).push({});<\/script><\/div><\/div>","protected":false},"excerpt":{"rendered":"<p>\u2217 T\u00fara \u00bb B\u00fckk-hegys\u00e9gbeli t\u00fara le\u00edr\u00e1s B\u00fckki t\u00fara le\u00edr\u00e1sok, turista inform\u00e1ci\u00f3, \u00e9lm\u00e9ny, ismertet\u0151 B\u00fckk-hegys\u00e9gbeli t\u00fara le\u00edr\u00e1s, B\u00fckki t\u00far\u00e1k 2005-01-29 :: Lillaf\u00fcred &#8211; B\u00fckkszentkereszt t\u00fara Lillaf\u00fcred :: B\u00fckkszentkereszt :: Lillaf\u00fcred 2005-06-30 :: Szilv\u00e1sv\u00e1rad &#8211; Ist\u00e1ll\u00f3s-k\u0151 t\u00fara . Szilv\u00e1sv\u00e1rad :: Ist\u00e1ll\u00f3s k\u0151 :: Szilv\u00e1sv\u00e1rad 2006-04-17 :: Szilv\u00e1sv\u00e1rad k\u00f6rt\u00fara 2006 h\u00fasv\u00e9t h\u00e9tf\u0151n Szilv\u00e1sv\u00e1radra ment\u00fcnk egy kicsit t\u00far\u00e1zni. 2006-06-10 [&hellip;]<\/p>\n","protected":false},"author":1,"featured_media":0,"parent":0,"menu_order":0,"comment_status":"closed","ping_status":"closed","template":"page-hegyseg.php","meta":{"footnotes":""},"_links":{"self":[{"href":"http:\/\/www.dzs-z.hu\/tura\/wp-json\/wp\/v2\/pages\/12"}],"collection":[{"href":"http:\/\/www.dzs-z.hu\/tura\/wp-json\/wp\/v2\/pages"}],"about":[{"href":"http:\/\/www.dzs-z.hu\/tura\/wp-json\/wp\/v2\/types\/page"}],"author":[{"embeddable":true,"href":"http:\/\/www.dzs-z.hu\/tura\/wp-json\/wp\/v2\/users\/1"}],"replies":[{"embeddable":true,"href":"http:\/\/www.dzs-z.hu\/tura\/wp-json\/wp\/v2\/comments?post=12"}],"version-history":[{"count":15,"href":"http:\/\/www.dzs-z.hu\/tura\/wp-json\/wp\/v2\/pages\/12\/revisions"}],"predecessor-version":[{"id":645,"href":"http:\/\/www.dzs-z.hu\/tura\/wp-json\/wp\/v2\/pages\/12\/revisions\/645"}],"wp:attachment":[{"href":"http:\/\/www.dzs-z.hu\/tura\/wp-json\/wp\/v2\/media?parent=12"}],"curies":[{"name":"wp","href":"https:\/\/api.w.org\/{rel}","templated":true}]}}