{"id":141,"date":"2013-12-21T18:49:22","date_gmt":"2013-12-21T18:49:22","guid":{"rendered":"http:\/\/www.dzs-z.hu\/tura\/?page_id=141"},"modified":"2017-03-31T14:12:48","modified_gmt":"2017-03-31T14:12:48","slug":"pilis","status":"publish","type":"page","link":"http:\/\/www.dzs-z.hu\/tura\/pilis","title":{"rendered":"Pilis"},"content":{"rendered":"<div class=\"brcs\">\u2217 <a title=\"T\u00fara le\u00edr\u00e1sok, ismertet\u00fak dzs-z t\u00fara k\u00e9pei\" href=\"\/tura\">T\u00fara<\/a> \u00bb <a title=\"Dzs-z t\u00fara le\u00edr\u00e1sok a Pilis-hegys\u00e9g t\u00fara le\u00edr\u00e1s \" href=\"\/tura\/pilis\">Pilis-hegys\u00e9g t\u00fara le\u00edr\u00e1s<\/a><\/div>\n<div class=\"brcs\">\n\n<ul class=\"get_posts_class\">\n  <li><span class=\"gpc-c1\"><a href=\"http:\/\/www.dzs-z.hu\/tura\/jelvenyszerzo\/pilisi-vandorlas-jelvenyszerzo-turamozgalom\"><img width=\"150\" height=\"150\" src=\"http:\/\/www.dzs-z.hu\/turawp\/wp-content\/uploads\/2017\/04\/pite-turamozgalom-logo-150x150.jpg\" class=\"attachment-thumbnail size-thumbnail wp-post-image\" alt=\"\" decoding=\"async\" \/><\/a><\/span><span class=\"gpc-c2\"><a href=\"http:\/\/www.dzs-z.hu\/tura\/jelvenyszerzo\/pilisi-vandorlas-jelvenyszerzo-turamozgalom\">Pilisi v\u00e1ndorl\u00e1s jelv\u00e9nyszerz\u0151 t\u00faramozgalom<\/a><\/span><span class=\"gpc-c3\">2017-04-02 11:49:22<\/span><span class=\"gpc-c4\">A Piliscsabai Term\u00e9szetj\u00e1r\u00f3 Egyes\u00fclet 2016.06.04.-gyel  \"Pilisi v\u00e1ndorl\u00e1s\u201d c\u00edmmel, \u00faj jelv\u00e9nyszerz\u0151 t\u00faramozgalmat ind\u00edtott \u00fatj\u00e1ra.<\/span><a href=\"http:\/\/www.dzs-z.hu\/tura\/jelvenyszerzo\/pilisi-vandorlas-jelvenyszerzo-turamozgalom\">Tov\u00e1bb<\/a><\/li>\n  <li><span class=\"gpc-c1\"><a href=\"http:\/\/www.dzs-z.hu\/tura\/egyeb\/okt\/dorog-piliscsaba-okt-tura-2014-11-22\"><img width=\"150\" height=\"150\" src=\"http:\/\/www.dzs-z.hu\/turawp\/wp-content\/uploads\/2014\/11\/okt-klastrompuszta-150x150.jpg\" class=\"attachment-thumbnail size-thumbnail wp-post-image\" alt=\"\" decoding=\"async\" \/><\/a><\/span><span class=\"gpc-c2\"><a href=\"http:\/\/www.dzs-z.hu\/tura\/egyeb\/okt\/dorog-piliscsaba-okt-tura-2014-11-22\">Dorog Piliscsaba OKT t\u00fara 2014-11-22<\/a><\/span><span class=\"gpc-c3\">2014-11-20 16:43:14<\/span><span class=\"gpc-c4\">A Dorog \u00e9s Piliscsaba k\u00f6z\u00f6tti Orsz\u00e1gos K\u00e9k-t\u00fara szakasz teljes\u00edt\u00e9se.<\/span><a href=\"http:\/\/www.dzs-z.hu\/tura\/egyeb\/okt\/dorog-piliscsaba-okt-tura-2014-11-22\">Tov\u00e1bb<\/a><\/li>\n  <li><span class=\"gpc-c1\"><a href=\"http:\/\/www.dzs-z.hu\/tura\/pilis\/index-html-2\"><\/a><\/span><span class=\"gpc-c2\"><a href=\"http:\/\/www.dzs-z.hu\/tura\/pilis\/index-html-2\">Pilis<\/a><\/span><span class=\"gpc-c3\">2014-05-13 07:07:07<\/span><span class=\"gpc-c4\"><\/span><a href=\"http:\/\/www.dzs-z.hu\/tura\/pilis\/index-html-2\">Tov\u00e1bb<\/a><\/li>\n  <li><span class=\"gpc-c1\"><a href=\"http:\/\/www.dzs-z.hu\/tura\/egyeb\/okt\/okt-orszagos-kek-tura-teljesiteseink\"><img width=\"150\" height=\"150\" src=\"http:\/\/www.dzs-z.hu\/turawp\/wp-content\/uploads\/2013\/12\/okt-orszagos-kektura-150x150.jpg\" class=\"attachment-thumbnail size-thumbnail wp-post-image\" alt=\"\" decoding=\"async\" \/><\/a><\/span><span class=\"gpc-c2\"><a href=\"http:\/\/www.dzs-z.hu\/tura\/egyeb\/okt\/okt-orszagos-kek-tura-teljesiteseink\">OKT Orsz\u00e1gos K\u00e9kt\u00fara teljes\u00edt\u00e9seink<\/a><\/span><span class=\"gpc-c3\">2013-12-22 15:54:41<\/span><span class=\"gpc-c4\">Az Orsz\u00e1gos K\u00e9kt\u00fara teljes\u00edt\u00e9seink le\u00edr\u00e1sa, a k\u00e9kt\u00fara szakaszok \u00f6sszefoglal\u00f3ja.<\/span><a href=\"http:\/\/www.dzs-z.hu\/tura\/egyeb\/okt\/okt-orszagos-kek-tura-teljesiteseink\">Tov\u00e1bb<\/a><\/li>\n  <li><span class=\"gpc-c1\"><a href=\"http:\/\/www.dzs-z.hu\/tura\/egyeb\/okt\/dobogoko-visegrad-komp-okt-tura-2008-06-15\"><img width=\"150\" height=\"150\" src=\"http:\/\/www.dzs-z.hu\/turawp\/wp-content\/uploads\/2014\/11\/okt-nagyvillam-150x150.jpg\" class=\"attachment-thumbnail size-thumbnail wp-post-image\" alt=\"\" decoding=\"async\" \/><\/a><\/span><span class=\"gpc-c2\"><a href=\"http:\/\/www.dzs-z.hu\/tura\/egyeb\/okt\/dobogoko-visegrad-komp-okt-tura-2008-06-15\">Dobog\u00f3k\u0151 - Visegr\u00e1d-komp OKT t\u00fara 2008-06-15<\/a><\/span><span class=\"gpc-c3\">2008-06-15 22:28:25<\/span><span class=\"gpc-c4\"><\/span><a href=\"http:\/\/www.dzs-z.hu\/tura\/egyeb\/okt\/dobogoko-visegrad-komp-okt-tura-2008-06-15\">Tov\u00e1bb<\/a><\/li>\n<\/ul><\/div>\n<h3>Pilis-hegys\u00e9gi t\u00far\u00e1ink le\u00edr\u00e1sa<\/h3>\n<p class=\"tab2\">2004-12-19 :: <a href=\"\/tura\/Pilis\/Ramszakadek\/index.html\">R\u00e1m-szakad\u00e9k t\u00fara<\/a> R\u00e1m-szakad\u00e9k t\u00fara alulr\u00f3l felfel\u00e9. D\u00f6m\u00f6s :: R\u00e1m-szakad\u00e9k :: Luk\u00e1cs-\u00e1rok :: D\u00f6m\u00f6s<\/p>\n<p>2005-04-17 :: <a href=\"\/tura\/Pilis\/Pilisszentkereszt\/index.html\">Pilisszentkereszt &#8211; R\u00e1m-szakad\u00e9k &#8211; D\u00f6m\u00f6s<\/a> Pilisszentkeresztr\u0151l indulva Dobog\u00f3k\u0151n kereszt\u00fcl a R\u00e1m-szakad\u00e9kon leereszkedve D\u00f6m\u00f6sre vitt a t\u00fara.<\/p>\n<p>2005-08-06 :: <a href=\"\/tura\/Pilis\/Lukacsarok\/index.html\">Luk\u00e1cs-\u00e1rok t\u00fara<\/a> Luk\u00e1cs-\u00e1rok t\u00fara. D\u00f6m\u00f6s :: Luk\u00e1cs \u00e1rok :: Pilismar\u00f3t<\/p>\n<p>2005-11-22 :: Pr\u00e9dik\u00e1l\u00f3sz\u00e9k<a title=\"Vad\u00e1ll\u00f3-k\u00f6vek \u2013 Pr\u00e9dik\u00e1l\u00f3sz\u00e9k \u2013 Kir\u00e1ly-k\u00fat \u2013 R\u00e1m-szakad\u00e9k\" href=\"http:\/\/www.dzs-z.hu\/tura\/pilis\/vadallo-kovek-predikaloszek-kiraly-kut-ram-szakadek\"> T\u00fara a Pr\u00e9dik\u00e1l\u00f3sz\u00e9kre<\/a>. El\u00e9g nagy k\u00f6d volt, \u00edgy a kil\u00e1t\u00e1sban nem tudtunk gy\u00f6ny\u00f6rk\u00f6dni.<\/p>\n<p>2005-12-17 :: <a href=\"\/tura\/Pilis\/PilisSzentlelek\/index.html\">Pilisszentl\u00e9lek<\/a> Egy r\u00f6vid pilisi t\u00fara Hut\u00e1n. A falub\u00f3l indultunk \u00e9s oda is \u00e9rt\u00fcnk vissza<\/p>\n<p>2007-09-09 :: <a href=\"\/tura\/Pilis\/Klastrompuszta_korut\/index.html\">Klastrompusztai k\u00f6r\u00fat<\/a> Pilisszentl\u00e9leken \u00e1lltunk meg aut\u00f3val. Onnan \u00e1ts\u00e9t\u00e1ltunk Klastrompuszt\u00e1ra, majd vissza egy m\u00e1sik \u00f6sv\u00e9nyen. Er\u0151s sz\u00e9l f\u00fajt.<\/p>\n<div class=\"inpostadsfull\"><div style=\"margin:10px auto;text-align:center;\"><script async src=\"\/\/pagead2.googlesyndication.com\/pagead\/js\/adsbygoogle.js\"><\/script><!-- Dzs-recept-1 --><ins class=\"adsbygoogle\"     style=\"display:inline-block;width:728px;height:90px\"     data-ad-client=\"ca-pub-5246420517641697\"     data-ad-slot=\"3352945761\"><\/ins><script>(adsbygoogle = window.adsbygoogle || []).push({});<\/script><\/div><\/div>","protected":false},"excerpt":{"rendered":"<p>\u2217 T\u00fara \u00bb Pilis-hegys\u00e9g t\u00fara le\u00edr\u00e1s Pilis-hegys\u00e9gi t\u00far\u00e1ink le\u00edr\u00e1sa 2004-12-19 :: R\u00e1m-szakad\u00e9k t\u00fara R\u00e1m-szakad\u00e9k t\u00fara alulr\u00f3l felfel\u00e9. D\u00f6m\u00f6s :: R\u00e1m-szakad\u00e9k :: Luk\u00e1cs-\u00e1rok :: D\u00f6m\u00f6s 2005-04-17 :: Pilisszentkereszt &#8211; R\u00e1m-szakad\u00e9k &#8211; D\u00f6m\u00f6s Pilisszentkeresztr\u0151l indulva Dobog\u00f3k\u0151n kereszt\u00fcl a R\u00e1m-szakad\u00e9kon leereszkedve D\u00f6m\u00f6sre vitt a t\u00fara. 2005-08-06 :: Luk\u00e1cs-\u00e1rok t\u00fara Luk\u00e1cs-\u00e1rok t\u00fara. D\u00f6m\u00f6s :: Luk\u00e1cs \u00e1rok :: Pilismar\u00f3t 2005-11-22 [&hellip;]<\/p>\n","protected":false},"author":1,"featured_media":0,"parent":0,"menu_order":0,"comment_status":"closed","ping_status":"closed","template":"page-hegyseg.php","meta":{"footnotes":""},"_links":{"self":[{"href":"http:\/\/www.dzs-z.hu\/tura\/wp-json\/wp\/v2\/pages\/141"}],"collection":[{"href":"http:\/\/www.dzs-z.hu\/tura\/wp-json\/wp\/v2\/pages"}],"about":[{"href":"http:\/\/www.dzs-z.hu\/tura\/wp-json\/wp\/v2\/types\/page"}],"author":[{"embeddable":true,"href":"http:\/\/www.dzs-z.hu\/tura\/wp-json\/wp\/v2\/users\/1"}],"replies":[{"embeddable":true,"href":"http:\/\/www.dzs-z.hu\/tura\/wp-json\/wp\/v2\/comments?post=141"}],"version-history":[{"count":4,"href":"http:\/\/www.dzs-z.hu\/tura\/wp-json\/wp\/v2\/pages\/141\/revisions"}],"predecessor-version":[{"id":614,"href":"http:\/\/www.dzs-z.hu\/tura\/wp-json\/wp\/v2\/pages\/141\/revisions\/614"}],"wp:attachment":[{"href":"http:\/\/www.dzs-z.hu\/tura\/wp-json\/wp\/v2\/media?parent=141"}],"curies":[{"name":"wp","href":"https:\/\/api.w.org\/{rel}","templated":true}]}}