{"id":146,"date":"2013-12-21T18:55:33","date_gmt":"2013-12-21T18:55:33","guid":{"rendered":"http:\/\/www.dzs-z.hu\/tura\/?page_id=146"},"modified":"2017-03-31T14:35:49","modified_gmt":"2017-03-31T14:35:49","slug":"balaton-felvidek","status":"publish","type":"page","link":"http:\/\/www.dzs-z.hu\/tura\/balaton-felvidek","title":{"rendered":"Balaton-felvid\u00e9k"},"content":{"rendered":"<div class=\"brcs\">\u2217 <a title=\"T\u00fara le\u00edr\u00e1sok, ismertet\u00fak dzs-z t\u00fara k\u00e9pei\" href=\"\/tura\">T\u00fara<\/a> \u00bb <a title=\"Dzs-z t\u00fara le\u00edr\u00e1sok a A Balaton-felvid\u00e9khez kapcsolhat\u00f3 t\u00fara le\u00edr\u00e1saink. \" href=\"\/tura\/balaton-felvidek\">A Balaton-felvid\u00e9khez kapcsolhat\u00f3 t\u00fara le\u00edr\u00e1saink.<\/a><\/div>\n<div class=\"brcs\">\n\n<ul class=\"get_posts_class\">\n  <li><span class=\"gpc-c1\"><a href=\"http:\/\/www.dzs-z.hu\/tura\/egyeb\/okt\/okt-balaton-felvidek-tapolca-badacsonytordemic-5-szakasz\"><img width=\"150\" height=\"150\" src=\"http:\/\/www.dzs-z.hu\/turawp\/wp-content\/uploads\/2023\/08\/okt-5-tapolca-badacsonytordemic-150x150.jpg\" class=\"attachment-thumbnail size-thumbnail wp-post-image\" alt=\"\" decoding=\"async\" srcset=\"http:\/\/www.dzs-z.hu\/turawp\/wp-content\/uploads\/2023\/08\/okt-5-tapolca-badacsonytordemic-150x150.jpg 150w, http:\/\/www.dzs-z.hu\/turawp\/wp-content\/uploads\/2023\/08\/okt-5-tapolca-badacsonytordemic-65x65.jpg 65w\" sizes=\"(max-width: 150px) 100vw, 150px\" \/><\/a><\/span><span class=\"gpc-c2\"><a href=\"http:\/\/www.dzs-z.hu\/tura\/egyeb\/okt\/okt-balaton-felvidek-tapolca-badacsonytordemic-5-szakasz\">OKT Balaton-felvid\u00e9k, Tapolca - Badacsonyt\u00f6rdemic 5. szakasz<\/a><\/span><span class=\"gpc-c3\">2023-07-27 19:11:33<\/span><span class=\"gpc-c4\"><\/span><a href=\"http:\/\/www.dzs-z.hu\/tura\/egyeb\/okt\/okt-balaton-felvidek-tapolca-badacsonytordemic-5-szakasz\">Tov\u00e1bb<\/a><\/li>\n  <li><span class=\"gpc-c1\"><a href=\"http:\/\/www.dzs-z.hu\/tura\/egyeb\/okt\/okt-balaton-felvidek-balatonhenye-szentbekkalla-az-okt-6-szakasz-tura\"><img width=\"150\" height=\"150\" src=\"http:\/\/www.dzs-z.hu\/turawp\/wp-content\/uploads\/2023\/08\/okt-6-balatonhenye-szentbekkalla-150x150.jpg\" class=\"attachment-thumbnail size-thumbnail wp-post-image\" alt=\"\" decoding=\"async\" srcset=\"http:\/\/www.dzs-z.hu\/turawp\/wp-content\/uploads\/2023\/08\/okt-6-balatonhenye-szentbekkalla-150x150.jpg 150w, http:\/\/www.dzs-z.hu\/turawp\/wp-content\/uploads\/2023\/08\/okt-6-balatonhenye-szentbekkalla-65x65.jpg 65w\" sizes=\"(max-width: 150px) 100vw, 150px\" \/><\/a><\/span><span class=\"gpc-c2\"><a href=\"http:\/\/www.dzs-z.hu\/tura\/egyeb\/okt\/okt-balaton-felvidek-balatonhenye-szentbekkalla-az-okt-6-szakasz-tura\">OKT Balaton-felvid\u00e9k, Balatonhenye - Szentb\u00e9kk\u00e1lla - az OKT 6. szakasz t\u00fara<\/a><\/span><span class=\"gpc-c3\">2023-07-26 21:21:23<\/span><span class=\"gpc-c4\"><\/span><a href=\"http:\/\/www.dzs-z.hu\/tura\/egyeb\/okt\/okt-balaton-felvidek-balatonhenye-szentbekkalla-az-okt-6-szakasz-tura\">Tov\u00e1bb<\/a><\/li>\n  <li><span class=\"gpc-c1\"><a href=\"http:\/\/www.dzs-z.hu\/tura\/egyeb\/okt\/okt-balaton-felvidek-keszthely-tapolca\"><img width=\"150\" height=\"150\" src=\"http:\/\/www.dzs-z.hu\/turawp\/wp-content\/uploads\/2022\/05\/okt-4-keszthely-tapolca-150x150.jpg\" class=\"attachment-thumbnail size-thumbnail wp-post-image\" alt=\"\" decoding=\"async\" srcset=\"http:\/\/www.dzs-z.hu\/turawp\/wp-content\/uploads\/2022\/05\/okt-4-keszthely-tapolca-150x150.jpg 150w, http:\/\/www.dzs-z.hu\/turawp\/wp-content\/uploads\/2022\/05\/okt-4-keszthely-tapolca-65x65.jpg 65w\" sizes=\"(max-width: 150px) 100vw, 150px\" \/><\/a><\/span><span class=\"gpc-c2\"><a href=\"http:\/\/www.dzs-z.hu\/tura\/egyeb\/okt\/okt-balaton-felvidek-keszthely-tapolca\">OKT Balaton-felvid\u00e9k, Keszthely \u2013 Tapolca<\/a><\/span><span class=\"gpc-c3\">2022-05-15 20:28:01<\/span><span class=\"gpc-c4\"><\/span><a href=\"http:\/\/www.dzs-z.hu\/tura\/egyeb\/okt\/okt-balaton-felvidek-keszthely-tapolca\">Tov\u00e1bb<\/a><\/li>\n  <li><span class=\"gpc-c1\"><a href=\"http:\/\/www.dzs-z.hu\/tura\/egyeb\/okt\/okt-balaton-felvidek-balatonhenye-nagyvazsony-az-okt-6-szakasz-tura\"><img width=\"150\" height=\"150\" src=\"http:\/\/www.dzs-z.hu\/turawp\/wp-content\/uploads\/2022\/10\/okt-6-balatonhenye-nagyvazsony-150x150.jpg\" class=\"attachment-thumbnail size-thumbnail wp-post-image\" alt=\"\" decoding=\"async\" srcset=\"http:\/\/www.dzs-z.hu\/turawp\/wp-content\/uploads\/2022\/10\/okt-6-balatonhenye-nagyvazsony-150x150.jpg 150w, http:\/\/www.dzs-z.hu\/turawp\/wp-content\/uploads\/2022\/10\/okt-6-balatonhenye-nagyvazsony-65x65.jpg 65w\" sizes=\"(max-width: 150px) 100vw, 150px\" \/><\/a><\/span><span class=\"gpc-c2\"><a href=\"http:\/\/www.dzs-z.hu\/tura\/egyeb\/okt\/okt-balaton-felvidek-balatonhenye-nagyvazsony-az-okt-6-szakasz-tura\">OKT Balaton-felvid\u00e9k, Balatonhenye - Nagyv\u00e1zsony - az OKT 6. szakasz t\u00fara<\/a><\/span><span class=\"gpc-c3\">2021-07-21 19:51:02<\/span><span class=\"gpc-c4\"><\/span><a href=\"http:\/\/www.dzs-z.hu\/tura\/egyeb\/okt\/okt-balaton-felvidek-balatonhenye-nagyvazsony-az-okt-6-szakasz-tura\">Tov\u00e1bb<\/a><\/li>\n  <li><span class=\"gpc-c1\"><a href=\"http:\/\/www.dzs-z.hu\/tura\/egyeb\/okt\/okt-orszagos-kek-tura-5-sz-tura-tapolca-badacsonytordemic-2007-12-08\"><img width=\"150\" height=\"150\" src=\"http:\/\/www.dzs-z.hu\/turawp\/wp-content\/uploads\/2017\/03\/okt-szent-gyorgy-hegy-150x150.jpg\" class=\"attachment-thumbnail size-thumbnail wp-post-image\" alt=\"\" decoding=\"async\" \/><\/a><\/span><span class=\"gpc-c2\"><a href=\"http:\/\/www.dzs-z.hu\/tura\/egyeb\/okt\/okt-orszagos-kek-tura-5-sz-tura-tapolca-badacsonytordemic-2007-12-08\">OKT Orsz\u00e1gos K\u00e9k-t\u00fara 5.sz. t\u00fara Tapolca - Badacsonyt\u00f6rdemic 2007-12-08<\/a><\/span><span class=\"gpc-c3\">2007-12-08 21:23:35<\/span><span class=\"gpc-c4\">Az els\u0151 Orsz\u00e1gos K\u00e9kt\u00fara szakaszunk, Tapolca \u00e9s Badacsonyt\u00f6rdemic k\u00f6z\u00f6tt teljes\u00edtett\u00fck az 5. sz\u00e1m\u00fa OKT t\u00far\u00e1t.<\/span><a href=\"http:\/\/www.dzs-z.hu\/tura\/egyeb\/okt\/okt-orszagos-kek-tura-5-sz-tura-tapolca-badacsonytordemic-2007-12-08\">Tov\u00e1bb<\/a><\/li>\n<\/ul><\/div>\n<h3>A Balaton-felvid\u00e9khez kapcsolhat\u00f3 t\u00fara le\u00edr\u00e1saink.<\/h3>\n<p>&nbsp;<\/p>\n<div class=\"inpostadsfull\"><div style=\"margin:10px auto;text-align:center;\"><script async src=\"\/\/pagead2.googlesyndication.com\/pagead\/js\/adsbygoogle.js\"><\/script><!-- Dzs-recept-1 --><ins class=\"adsbygoogle\"     style=\"display:inline-block;width:728px;height:90px\"     data-ad-client=\"ca-pub-5246420517641697\"     data-ad-slot=\"3352945761\"><\/ins><script>(adsbygoogle = window.adsbygoogle || []).push({});<\/script><\/div><\/div>","protected":false},"excerpt":{"rendered":"<p>\u2217 T\u00fara \u00bb A Balaton-felvid\u00e9khez kapcsolhat\u00f3 t\u00fara le\u00edr\u00e1saink. A Balaton-felvid\u00e9khez kapcsolhat\u00f3 t\u00fara le\u00edr\u00e1saink. &nbsp;<\/p>\n","protected":false},"author":1,"featured_media":0,"parent":0,"menu_order":0,"comment_status":"closed","ping_status":"closed","template":"page-hegyseg.php","meta":{"footnotes":""},"_links":{"self":[{"href":"http:\/\/www.dzs-z.hu\/tura\/wp-json\/wp\/v2\/pages\/146"}],"collection":[{"href":"http:\/\/www.dzs-z.hu\/tura\/wp-json\/wp\/v2\/pages"}],"about":[{"href":"http:\/\/www.dzs-z.hu\/tura\/wp-json\/wp\/v2\/types\/page"}],"author":[{"embeddable":true,"href":"http:\/\/www.dzs-z.hu\/tura\/wp-json\/wp\/v2\/users\/1"}],"replies":[{"embeddable":true,"href":"http:\/\/www.dzs-z.hu\/tura\/wp-json\/wp\/v2\/comments?post=146"}],"version-history":[{"count":3,"href":"http:\/\/www.dzs-z.hu\/tura\/wp-json\/wp\/v2\/pages\/146\/revisions"}],"predecessor-version":[{"id":623,"href":"http:\/\/www.dzs-z.hu\/tura\/wp-json\/wp\/v2\/pages\/146\/revisions\/623"}],"wp:attachment":[{"href":"http:\/\/www.dzs-z.hu\/tura\/wp-json\/wp\/v2\/media?parent=146"}],"curies":[{"name":"wp","href":"https:\/\/api.w.org\/{rel}","templated":true}]}}