{"id":148,"date":"2013-12-21T18:57:23","date_gmt":"2013-12-21T18:57:23","guid":{"rendered":"http:\/\/www.dzs-z.hu\/tura\/?page_id=148"},"modified":"2015-05-08T16:57:13","modified_gmt":"2015-05-08T16:57:13","slug":"borzsony","status":"publish","type":"page","link":"http:\/\/www.dzs-z.hu\/tura\/borzsony","title":{"rendered":"B\u00f6rzs\u00f6ny"},"content":{"rendered":"<div class=\"brcs\">\u2217 <a title=\"T\u00fara le\u00edr\u00e1sok, ismertet\u00fak dzs-z t\u00fara k\u00e9pei\" href=\"\/tura\">T\u00fara<\/a> \u00bb <a title=\"Dzs-z t\u00fara le\u00edr\u00e1sok a B\u00f6rzs\u00f6nyi t\u00far\u00e1k \" href=\"\/tura\/borzsony\">B\u00f6rzs\u00f6nyi t\u00far\u00e1k<\/a><\/div>\n<div class=\"brcs\">\n\n<ul class=\"get_posts_class\">\n  <li><span class=\"gpc-c1\"><a href=\"http:\/\/www.dzs-z.hu\/tura\/egyeb\/okt\/nograd-katalinpuszta-orszagos-kektura-2016-04-30\"><img width=\"150\" height=\"150\" src=\"http:\/\/www.dzs-z.hu\/turawp\/wp-content\/uploads\/2017\/03\/okt-nograd-150x150.jpg\" class=\"attachment-thumbnail size-thumbnail wp-post-image\" alt=\"\" decoding=\"async\" \/><\/a><\/span><span class=\"gpc-c2\"><a href=\"http:\/\/www.dzs-z.hu\/tura\/egyeb\/okt\/nograd-katalinpuszta-orszagos-kektura-2016-04-30\">N\u00f3gr\u00e1d-Katalinpuszta - Orsz\u00e1gos K\u00e9kt\u00fara 2016-04-30<\/a><\/span><span class=\"gpc-c3\">2016-04-30 19:16:11<\/span><span class=\"gpc-c4\">Orsz\u00e1gos K\u00e9kt\u00fara 18. szakasz, N\u00f3gr\u00e1dt\u00f3l Katalinpuszt\u00e1ig<\/span><a href=\"http:\/\/www.dzs-z.hu\/tura\/egyeb\/okt\/nograd-katalinpuszta-orszagos-kektura-2016-04-30\">Tov\u00e1bb<\/a><\/li>\n  <li><span class=\"gpc-c1\"><a href=\"http:\/\/www.dzs-z.hu\/tura\/egyeb\/okt\/orszagos-kektura-17-szakasz-kisinoc-nograd-2016-03-26\"><img width=\"150\" height=\"150\" src=\"http:\/\/www.dzs-z.hu\/turawp\/wp-content\/uploads\/2017\/04\/okt-kospallag-150x150.jpg\" class=\"attachment-thumbnail size-thumbnail wp-post-image\" alt=\"\" decoding=\"async\" \/><\/a><\/span><span class=\"gpc-c2\"><a href=\"http:\/\/www.dzs-z.hu\/tura\/egyeb\/okt\/orszagos-kektura-17-szakasz-kisinoc-nograd-2016-03-26\">Orsz\u00e1gos K\u00e9kt\u00fara 17. szakasz - Kisin\u00f3c - N\u00f3gr\u00e1d 2016-03-26<\/a><\/span><span class=\"gpc-c3\">2016-03-26 21:34:36<\/span><span class=\"gpc-c4\">OKT 17. szakasz: A Kisin\u00f3ci turistah\u00e1zn\u00e1l pecs\u00e9teltem \u00e9s elindultam a Nagy-Hideg-hegy fel\u00e9 vezet\u0151 k\u00e9k s\u00e1v jelz\u00e9sen.<\/span><a href=\"http:\/\/www.dzs-z.hu\/tura\/egyeb\/okt\/orszagos-kektura-17-szakasz-kisinoc-nograd-2016-03-26\">Tov\u00e1bb<\/a><\/li>\n  <li><span class=\"gpc-c1\"><a href=\"http:\/\/www.dzs-z.hu\/tura\/egyeb\/okt\/kiralyret-nagymaros-okt-tura-2015-05-16\"><img width=\"150\" height=\"150\" src=\"http:\/\/www.dzs-z.hu\/turawp\/wp-content\/uploads\/2015\/06\/okt-kospallag-150x150.jpg\" class=\"attachment-thumbnail size-thumbnail wp-post-image\" alt=\"\" decoding=\"async\" \/><\/a><\/span><span class=\"gpc-c2\"><a href=\"http:\/\/www.dzs-z.hu\/tura\/egyeb\/okt\/kiralyret-nagymaros-okt-tura-2015-05-16\">Kir\u00e1lyr\u00e9t Nagymaros OKT t\u00fara 2015-05-16<\/a><\/span><span class=\"gpc-c3\">2015-05-16 19:11:16<\/span><span class=\"gpc-c4\">Kir\u00e1lyr\u00e9t - Kisin\u00f3ci turistah\u00e1z - Nagymaros. R\u00f6vid t\u00fara az Orsz\u00e1gos K\u00e9kt\u00fara \u00fatvonal\u00e1n.<\/span><a href=\"http:\/\/www.dzs-z.hu\/tura\/egyeb\/okt\/kiralyret-nagymaros-okt-tura-2015-05-16\">Tov\u00e1bb<\/a><\/li>\n  <li><span class=\"gpc-c1\"><a href=\"http:\/\/www.dzs-z.hu\/tura\/jelvenyszerzo\/pest-megyei-piros-1-szakasz-2015-marcius-7\"><img width=\"150\" height=\"150\" src=\"http:\/\/www.dzs-z.hu\/turawp\/wp-content\/uploads\/2015\/03\/pmp-1.szakasz-godollo-150x150.jpg\" class=\"attachment-thumbnail size-thumbnail wp-post-image\" alt=\"\" decoding=\"async\" \/><\/a><\/span><span class=\"gpc-c2\"><a href=\"http:\/\/www.dzs-z.hu\/tura\/jelvenyszerzo\/pest-megyei-piros-1-szakasz-2015-marcius-7\">Pest megyei piros 1. szakasz 2015. m\u00e1rcius 7.<\/a><\/span><span class=\"gpc-c3\">2015-03-07 18:37:37<\/span><span class=\"gpc-c4\">A Pest megyei Piros t\u00fara els\u0151 18km hossz\u00fa szakasza Kosd \u00e9s Ver\u0151ce k\u00f6z\u00f6tt a Nasz\u00e1lyt megker\u00fclve.<\/span><a href=\"http:\/\/www.dzs-z.hu\/tura\/jelvenyszerzo\/pest-megyei-piros-1-szakasz-2015-marcius-7\">Tov\u00e1bb<\/a><\/li>\n  <li><span class=\"gpc-c1\"><a href=\"http:\/\/www.dzs-z.hu\/tura\/egyeb\/okt\/okt-orszagos-kek-tura-teljesiteseink\"><img width=\"150\" height=\"150\" src=\"http:\/\/www.dzs-z.hu\/turawp\/wp-content\/uploads\/2013\/12\/okt-orszagos-kektura-150x150.jpg\" class=\"attachment-thumbnail size-thumbnail wp-post-image\" alt=\"\" decoding=\"async\" \/><\/a><\/span><span class=\"gpc-c2\"><a href=\"http:\/\/www.dzs-z.hu\/tura\/egyeb\/okt\/okt-orszagos-kek-tura-teljesiteseink\">OKT Orsz\u00e1gos K\u00e9kt\u00fara teljes\u00edt\u00e9seink<\/a><\/span><span class=\"gpc-c3\">2013-12-22 15:54:41<\/span><span class=\"gpc-c4\">Az Orsz\u00e1gos K\u00e9kt\u00fara teljes\u00edt\u00e9seink le\u00edr\u00e1sa, a k\u00e9kt\u00fara szakaszok \u00f6sszefoglal\u00f3ja.<\/span><a href=\"http:\/\/www.dzs-z.hu\/tura\/egyeb\/okt\/okt-orszagos-kek-tura-teljesiteseink\">Tov\u00e1bb<\/a><\/li>\n<\/ul><\/div>\n<h3>B\u00f6rzs\u00f6nyi t\u00far\u00e1k le\u00edr\u00e1sa<\/h3>\n<p class=\"tab2\">2004-07-03 :: <a href=\"\/tura\/Borzsony\/KiralyretHI\/index.html\">Hi\u00e9na Heppa I.<\/a> Az I. nemzetk\u00f6zi Hi\u00e9na heppa sz\u00ednhelye. Komolyabb t\u00far\u00e1z\u00e1s nem lett a v\u00e9g\u00e9n \ud83d\ude42<\/p>\n<p>2006-01-07 :: <a href=\"\/tura\/Borzsony\/Kiralyret\/index.html\">Kir\u00e1lyr\u00e9t &#8211; 2006.01.07.<\/a> Janu\u00e1r elej\u00e9n a B\u00f6rzs\u00f6ny erd\u0151it c\u00e9loztuk meg. Kismaroson k\u00f6t\u00f6tt\u00fcnk ki \u00e9s kisvas\u00fattal ment\u00fcnk Kir\u00e1lyr\u00e9tre, \u00e9s ott t\u00far\u00e1ztunk egyet.<\/p>\n<p>2006-12-30 :: <a href=\"\/tura\/Borzsony\/Kismaros\/index.html\">Kir\u00e1lyr\u00e9t &#8211; Kismaros<\/a> Kismarosr\u00f3l indulunk. Kisvas\u00fattal utazunk fel Kir\u00e1lyr\u00e9tre, majd gyalog vissza Kismarosra.<\/p>\n<p>2007-02-10 :: <a href=\"\/tura\/Borzsony\/Dregelyvar\/index.html\">Dr\u00e9gelyv\u00e1r<\/a> Nagyorosziba utaztunk, onnan ment\u00fcnk fel a Dr\u00e9gely v\u00e1r\u00e1hoz. Onnan Hontra s\u00e9t\u00e1ltunk le, majd busszal Dr\u00e9gelypal\u00e1nkra, ahonnan Nagyorosziba vonattal ment\u00fcnk vissza.<\/p>\n<p>2007-08-10 :: <a href=\"\/tura\/Borzsony\/Varak_a_Borzsonyben\/index.html\">B\u00f6rzs\u00f6ny k\u00f6z\u00e9pkori v\u00e1rai<\/a> \u00d5skori \u00e9s k\u00f6z\u00e9pkori v\u00e1rak a B\u00f6rzs\u00f6nyben jelv\u00e9nyszerz\u0151 t\u00faramozgalom.<\/p>\n<p>2007-08-20 :: <a href=\"\/tura\/Borzsony\/Autos_Borzsony_070820\/index.html\">Aut\u00f3s kir\u00e1ndul\u00e1s a B\u00f6rzs\u00f6nyben<\/a> A V\u00e1rak a B\u00f6rzs\u00f6nyben jelv\u00e9nyszerz\u0151 t\u00fara ki\u00edr\u00e1s els\u0151 n\u00e9h\u00e1ny pontj\u00e1nak aut\u00f3s kir\u00e1ndul\u00e1s keret\u00e9ben t\u00f6rt\u00e9n\u0151 bej\u00e1r\u00e1sa.<\/p>\n<p>2007-10-22 :: <a href=\"\/tura\/Borzsony\/Nagyborzsony_varak\/index.html\">Nagyb\u00f6rzs\u00f6ny &#8211; B\u00f6rzs\u00f6nyi v\u00e1rak<\/a> Nagyb\u00f6rzs\u00f6ny inultunk, hogy a b\u00f6rzs\u00f6nyi v\u00e1rak jelv\u00e9nyszerz\u0151 t\u00fara p\u00e1r \u00e1llom\u00e1s\u00e1t teljes\u00edts\u00fck.<\/p>\n<p>2007-11-15 :: <a href=\"\/tura\/Borzsony\/Borzsonyi_varak_eszakon\/index.html\">B\u00f6rzs\u00f6nyi v\u00e1rak \u00e9szakon<\/a> A B\u00f6rzs\u00f6ny \u0151skori \u00e9s k\u00f6z\u00e9pkori v\u00e1rai jelv\u00e9nyszerz\u0151 t\u00faramozgalom \u00e9szaki \u00e9s keleti helyeit kerest\u00fck fel.<\/p>\n<div class=\"inpostadsfull\"><div style=\"margin:10px auto;text-align:center;\"><script async src=\"\/\/pagead2.googlesyndication.com\/pagead\/js\/adsbygoogle.js\"><\/script><!-- Dzs-recept-1 --><ins class=\"adsbygoogle\"     style=\"display:inline-block;width:728px;height:90px\"     data-ad-client=\"ca-pub-5246420517641697\"     data-ad-slot=\"3352945761\"><\/ins><script>(adsbygoogle = window.adsbygoogle || []).push({});<\/script><\/div><\/div>","protected":false},"excerpt":{"rendered":"<p>\u2217 T\u00fara \u00bb B\u00f6rzs\u00f6nyi t\u00far\u00e1k B\u00f6rzs\u00f6nyi t\u00far\u00e1k le\u00edr\u00e1sa 2004-07-03 :: Hi\u00e9na Heppa I. Az I. nemzetk\u00f6zi Hi\u00e9na heppa sz\u00ednhelye. Komolyabb t\u00far\u00e1z\u00e1s nem lett a v\u00e9g\u00e9n \ud83d\ude42 2006-01-07 :: Kir\u00e1lyr\u00e9t &#8211; 2006.01.07. Janu\u00e1r elej\u00e9n a B\u00f6rzs\u00f6ny erd\u0151it c\u00e9loztuk meg. Kismaroson k\u00f6t\u00f6tt\u00fcnk ki \u00e9s kisvas\u00fattal ment\u00fcnk Kir\u00e1lyr\u00e9tre, \u00e9s ott t\u00far\u00e1ztunk egyet. 2006-12-30 :: Kir\u00e1lyr\u00e9t &#8211; Kismaros Kismarosr\u00f3l [&hellip;]<\/p>\n","protected":false},"author":1,"featured_media":0,"parent":0,"menu_order":0,"comment_status":"closed","ping_status":"closed","template":"page-hegyseg.php","meta":{"footnotes":""},"_links":{"self":[{"href":"http:\/\/www.dzs-z.hu\/tura\/wp-json\/wp\/v2\/pages\/148"}],"collection":[{"href":"http:\/\/www.dzs-z.hu\/tura\/wp-json\/wp\/v2\/pages"}],"about":[{"href":"http:\/\/www.dzs-z.hu\/tura\/wp-json\/wp\/v2\/types\/page"}],"author":[{"embeddable":true,"href":"http:\/\/www.dzs-z.hu\/tura\/wp-json\/wp\/v2\/users\/1"}],"replies":[{"embeddable":true,"href":"http:\/\/www.dzs-z.hu\/tura\/wp-json\/wp\/v2\/comments?post=148"}],"version-history":[{"count":3,"href":"http:\/\/www.dzs-z.hu\/tura\/wp-json\/wp\/v2\/pages\/148\/revisions"}],"predecessor-version":[{"id":640,"href":"http:\/\/www.dzs-z.hu\/tura\/wp-json\/wp\/v2\/pages\/148\/revisions\/640"}],"wp:attachment":[{"href":"http:\/\/www.dzs-z.hu\/tura\/wp-json\/wp\/v2\/media?parent=148"}],"curies":[{"name":"wp","href":"https:\/\/api.w.org\/{rel}","templated":true}]}}