{"id":153,"date":"2013-12-21T19:00:55","date_gmt":"2013-12-21T19:00:55","guid":{"rendered":"http:\/\/www.dzs-z.hu\/tura\/?page_id=153"},"modified":"2013-12-21T19:01:06","modified_gmt":"2013-12-21T19:01:06","slug":"cserehat","status":"publish","type":"page","link":"http:\/\/www.dzs-z.hu\/tura\/cserehat","title":{"rendered":"Csereh\u00e1t-dombs\u00e1g"},"content":{"rendered":"<div class=\"brcs\">\u2217 <span itemscope=\"\" itemtype=\"http:\/\/data-vocabulary.org\/Breadcrumb\"><a itemprop=\"url\" title=\"T\u00fara le\u00edr\u00e1sok, ismertet\u00fak dzs-z t\u00fara k\u00e9pei\" href=\"\/tura\"><span itemprop=\"title\">T\u00fara<\/span><\/a><\/span> \u00bb <span itemscope=\"\" itemtype=\"http:\/\/data-vocabulary.org\/Breadcrumb\"><a itemprop=\"url\" title=\"Dzs-z t\u00fara le\u00edr\u00e1sok a A Csereh\u00e1t dombs\u00e1g ter\u00fclet\u00e9n j\u00e1rtunk \" href=\"\/tura\/cserehat\"><span itemprop=\"title\">A Csereh\u00e1t dombs\u00e1g ter\u00fclet\u00e9n j\u00e1rtunk<\/span><\/a><\/span><\/div>\n<h3>A Csereh\u00e1t dombs\u00e1g ter\u00fclet\u00e9n j\u00e1rtunk<\/h3>\n<p class=\"tab2\">2008-01-07 :: <a href=\"\/tura\/Cserehat\/Bebek-portya_tura\/index.html\">Bebek-portya t\u00fara<\/a> A Szendr\u0151 k\u00f6rny\u00e9ki Bebek csal\u00e1dhoz kapcsol\u00f3d\u00f3 a k\u00f6rny\u00e9k \u00e9rdekess\u00e9geit bemutat\u00f3 jelv\u00e9nyszerz\u0151 t\u00fara els\u0151 5 pontj\u00e1t l\u00e1togattuk meg.<\/p>\n<div class=\"inpostadsfull\"><div style=\"margin:10px auto;text-align:center;\"><script async src=\"\/\/pagead2.googlesyndication.com\/pagead\/js\/adsbygoogle.js\"><\/script><!-- Dzs-recept-1 --><ins class=\"adsbygoogle\"     style=\"display:inline-block;width:728px;height:90px\"     data-ad-client=\"ca-pub-5246420517641697\"     data-ad-slot=\"3352945761\"><\/ins><script>(adsbygoogle = window.adsbygoogle || []).push({});<\/script><\/div><\/div>","protected":false},"excerpt":{"rendered":"<p>\u2217 T\u00fara \u00bb A Csereh\u00e1t dombs\u00e1g ter\u00fclet\u00e9n j\u00e1rtunk A Csereh\u00e1t dombs\u00e1g ter\u00fclet\u00e9n j\u00e1rtunk 2008-01-07 :: Bebek-portya t\u00fara A Szendr\u0151 k\u00f6rny\u00e9ki Bebek csal\u00e1dhoz kapcsol\u00f3d\u00f3 a k\u00f6rny\u00e9k \u00e9rdekess\u00e9geit bemutat\u00f3 jelv\u00e9nyszerz\u0151 t\u00fara els\u0151 5 pontj\u00e1t l\u00e1togattuk meg.<\/p>\n","protected":false},"author":1,"featured_media":0,"parent":0,"menu_order":0,"comment_status":"closed","ping_status":"closed","template":"page-hegyseg.php","meta":{"footnotes":""},"_links":{"self":[{"href":"http:\/\/www.dzs-z.hu\/tura\/wp-json\/wp\/v2\/pages\/153"}],"collection":[{"href":"http:\/\/www.dzs-z.hu\/tura\/wp-json\/wp\/v2\/pages"}],"about":[{"href":"http:\/\/www.dzs-z.hu\/tura\/wp-json\/wp\/v2\/types\/page"}],"author":[{"embeddable":true,"href":"http:\/\/www.dzs-z.hu\/tura\/wp-json\/wp\/v2\/users\/1"}],"replies":[{"embeddable":true,"href":"http:\/\/www.dzs-z.hu\/tura\/wp-json\/wp\/v2\/comments?post=153"}],"version-history":[{"count":2,"href":"http:\/\/www.dzs-z.hu\/tura\/wp-json\/wp\/v2\/pages\/153\/revisions"}],"predecessor-version":[{"id":155,"href":"http:\/\/www.dzs-z.hu\/tura\/wp-json\/wp\/v2\/pages\/153\/revisions\/155"}],"wp:attachment":[{"href":"http:\/\/www.dzs-z.hu\/tura\/wp-json\/wp\/v2\/media?parent=153"}],"curies":[{"name":"wp","href":"https:\/\/api.w.org\/{rel}","templated":true}]}}