{"id":156,"date":"2013-12-21T19:02:17","date_gmt":"2013-12-21T19:02:17","guid":{"rendered":"http:\/\/www.dzs-z.hu\/tura\/?page_id=156"},"modified":"2017-03-31T14:09:32","modified_gmt":"2017-03-31T14:09:32","slug":"cserhat","status":"publish","type":"page","link":"http:\/\/www.dzs-z.hu\/tura\/cserhat","title":{"rendered":"Cserh\u00e1t"},"content":{"rendered":"<div class=\"brcs\">\u2217 <a title=\"T\u00fara le\u00edr\u00e1sok, ismertet\u00fak dzs-z t\u00fara k\u00e9pei\" href=\"\/tura\">T\u00fara<\/a> \u00bb <a title=\"Dzs-z t\u00fara le\u00edr\u00e1sok a A Cserh\u00e1t ter\u00fclet\u00e9n kivitelezett t\u00fara le\u00edr\u00e1sok. \" href=\"\/tura\/cserhat\">A Cserh\u00e1t ter\u00fclet\u00e9n kivitelezett t\u00fara le\u00edr\u00e1sok.<\/a><\/div>\n<div class=\"brcs\">\n\n<ul class=\"get_posts_class\">\n  <li><span class=\"gpc-c1\"><a href=\"http:\/\/www.dzs-z.hu\/tura\/egyeb\/okt\/okt-cserhat-bableves-csarda-nagybarkany-az-okt-19-szakasz-teljesitese\"><img width=\"150\" height=\"150\" src=\"http:\/\/www.dzs-z.hu\/turawp\/wp-content\/uploads\/2021\/12\/okt-19-bablevescsarda-nagybarkany-150x150.jpg\" class=\"attachment-thumbnail size-thumbnail wp-post-image\" alt=\"\" decoding=\"async\" srcset=\"http:\/\/www.dzs-z.hu\/turawp\/wp-content\/uploads\/2021\/12\/okt-19-bablevescsarda-nagybarkany-150x150.jpg 150w, http:\/\/www.dzs-z.hu\/turawp\/wp-content\/uploads\/2021\/12\/okt-19-bablevescsarda-nagybarkany-65x65.jpg 65w\" sizes=\"(max-width: 150px) 100vw, 150px\" \/><\/a><\/span><span class=\"gpc-c2\"><a href=\"http:\/\/www.dzs-z.hu\/tura\/egyeb\/okt\/okt-cserhat-bableves-csarda-nagybarkany-az-okt-19-szakasz-teljesitese\">OKT Cserh\u00e1t, Bableves cs\u00e1rda - Nagyb\u00e1rk\u00e1ny , az OKT 19. szakasz teljes\u00edt\u00e9se<\/a><\/span><span class=\"gpc-c3\">2021-12-18 12:27:58<\/span><span class=\"gpc-c4\"><\/span><a href=\"http:\/\/www.dzs-z.hu\/tura\/egyeb\/okt\/okt-cserhat-bableves-csarda-nagybarkany-az-okt-19-szakasz-teljesitese\">Tov\u00e1bb<\/a><\/li>\n  <li><span class=\"gpc-c1\"><a href=\"http:\/\/www.dzs-z.hu\/tura\/egyeb\/okt\/okt-cserhat-cserhatsurany-holloko-az-okt-19-szakasz-teljesitese\"><img width=\"150\" height=\"150\" src=\"http:\/\/www.dzs-z.hu\/turawp\/wp-content\/uploads\/2021\/11\/okt-cserhatsurany-holloko-150x150.jpg\" class=\"attachment-thumbnail size-thumbnail wp-post-image\" alt=\"\" decoding=\"async\" srcset=\"http:\/\/www.dzs-z.hu\/turawp\/wp-content\/uploads\/2021\/11\/okt-cserhatsurany-holloko-150x150.jpg 150w, http:\/\/www.dzs-z.hu\/turawp\/wp-content\/uploads\/2021\/11\/okt-cserhatsurany-holloko-65x65.jpg 65w\" sizes=\"(max-width: 150px) 100vw, 150px\" \/><\/a><\/span><span class=\"gpc-c2\"><a href=\"http:\/\/www.dzs-z.hu\/tura\/egyeb\/okt\/okt-cserhat-cserhatsurany-holloko-az-okt-19-szakasz-teljesitese\">OKT Cserh\u00e1t, Cserh\u00e1tsur\u00e1ny - Holl\u00f3k\u0151 , az OKT 19. szakasz teljes\u00edt\u00e9se<\/a><\/span><span class=\"gpc-c3\">2021-11-15 19:03:05<\/span><span class=\"gpc-c4\"><\/span><a href=\"http:\/\/www.dzs-z.hu\/tura\/egyeb\/okt\/okt-cserhat-cserhatsurany-holloko-az-okt-19-szakasz-teljesitese\">Tov\u00e1bb<\/a><\/li>\n  <li><span class=\"gpc-c1\"><a href=\"http:\/\/www.dzs-z.hu\/tura\/egyeb\/okt\/okt-cserhat-becske-cserhatsurany-az-okt-19-szakasz-teljesitese\"><img width=\"150\" height=\"150\" src=\"http:\/\/www.dzs-z.hu\/turawp\/wp-content\/uploads\/2018\/11\/okt-19-cserhasurany-150x150.jpg\" class=\"attachment-thumbnail size-thumbnail wp-post-image\" alt=\"\" decoding=\"async\" \/><\/a><\/span><span class=\"gpc-c2\"><a href=\"http:\/\/www.dzs-z.hu\/tura\/egyeb\/okt\/okt-cserhat-becske-cserhatsurany-az-okt-19-szakasz-teljesitese\">OKT Cserh\u00e1t, Becske - Cserh\u00e1tsur\u00e1ny, az OKT 19. szakasz teljes\u00edt\u00e9se<\/a><\/span><span class=\"gpc-c3\">2018-11-18 11:04:06<\/span><span class=\"gpc-c4\">Orsz\u00e1gos k\u00e9kt\u00fara 19. szakasz\u00e1nak els\u0151 17km-es r\u00e9szszakasza. Cserh\u00e1tsur\u00e1nyr\u00f3l Becsk\u00e9re s\u00e9t\u00e1ltunk a Szanda v\u00e1r\u00e1nak megl\u00e1togat\u00e1s\u00e1val.<\/span><a href=\"http:\/\/www.dzs-z.hu\/tura\/egyeb\/okt\/okt-cserhat-becske-cserhatsurany-az-okt-19-szakasz-teljesitese\">Tov\u00e1bb<\/a><\/li>\n  <li><span class=\"gpc-c1\"><a href=\"http:\/\/www.dzs-z.hu\/tura\/cserhat\/paris-patak-szurdokvolgye-es-az-ipolytarnoci-osmaradvanyok\"><img width=\"150\" height=\"150\" src=\"http:\/\/www.dzs-z.hu\/turawp\/wp-content\/uploads\/2018\/10\/cserhat-ipolytarnoc-paris-patak-szurdokvolgy-150x150.jpg\" class=\"attachment-thumbnail size-thumbnail wp-post-image\" alt=\"\" decoding=\"async\" \/><\/a><\/span><span class=\"gpc-c2\"><a href=\"http:\/\/www.dzs-z.hu\/tura\/cserhat\/paris-patak-szurdokvolgye-es-az-ipolytarnoci-osmaradvanyok\">P\u00e1ris patak szurdokv\u00f6lgye \u00e9s az Ipolytarn\u00f3ci \u0150smaradv\u00e1nyok<\/a><\/span><span class=\"gpc-c3\">2018-10-24 08:54:25<\/span><span class=\"gpc-c4\">Kellemes kir\u00e1ndul\u00f3 id\u0151nek \u00edg\u00e9rkezett okt\u00f3ber 22, \u00edgy elindultunk a Cserh\u00e1tban, hogy megismerj\u00fck a P\u00e1ris-patak szurdokv\u00f6lgy\u00e9t \u00e9s megn\u00e9zz\u00fck az Ipolytarn\u00f3ci \u0150smaradv\u00e1nyokat, illetve az ott tal\u00e1lhat\u00f3 l\u00e1togat\u00f3k\u00f6zpontot.<\/span><a href=\"http:\/\/www.dzs-z.hu\/tura\/cserhat\/paris-patak-szurdokvolgye-es-az-ipolytarnoci-osmaradvanyok\">Tov\u00e1bb<\/a><\/li>\n  <li><span class=\"gpc-c1\"><a href=\"http:\/\/www.dzs-z.hu\/tura\/egyeb\/okt\/romhany-becske-okt-18-szakasz-2017-03-26\"><img width=\"150\" height=\"150\" src=\"http:\/\/www.dzs-z.hu\/turawp\/wp-content\/uploads\/2017\/03\/okt-romhany-150x150.jpg\" class=\"attachment-thumbnail size-thumbnail wp-post-image\" alt=\"\" decoding=\"async\" \/><\/a><\/span><span class=\"gpc-c2\"><a href=\"http:\/\/www.dzs-z.hu\/tura\/egyeb\/okt\/romhany-becske-okt-18-szakasz-2017-03-26\">Romh\u00e1ny - Becske OKT 18. szakasz 2017-03-26<\/a><\/span><span class=\"gpc-c3\">2017-03-28 14:17:11<\/span><span class=\"gpc-c4\">Orsz\u00e1gos k\u00e9kt\u00fara, 18. szakasz, Romh\u00e1ny vas\u00fat\u00e1llom\u00e1s \u00e9s Becske k\u00f6z\u00f6tti t\u00fara.<\/span><a href=\"http:\/\/www.dzs-z.hu\/tura\/egyeb\/okt\/romhany-becske-okt-18-szakasz-2017-03-26\">Tov\u00e1bb<\/a><\/li>\n<\/ul><\/div>\n<h3>A Cserh\u00e1t ter\u00fclet\u00e9n kivitelezett t\u00fara le\u00edr\u00e1sok.<\/h3>\n<ul>\n<li class=\"tab2\">2014-07-05 : <a title=\"Szanda-v\u00e1ra kir\u00e1ndul\u00e1s a Cserh\u00e1tban 2014. j\u00falius 5\" href=\"http:\/\/www.dzs-z.hu\/tura\/cserhat\/szanda-vara-kirandulas-a-cserhatban-2014-julius-5\">Szanda v\u00e1ra, kir\u00e1ndul\u00e1s a v\u00e1rromhoz<\/a>, meredek, k\u00f6ves \u00fat, csod\u00e1latos kil\u00e1t\u00e1s.<\/li>\n<\/ul>\n<p>&nbsp;<\/p>\n<div class=\"inpostadsfull\"><div style=\"margin:10px auto;text-align:center;\"><script async src=\"\/\/pagead2.googlesyndication.com\/pagead\/js\/adsbygoogle.js\"><\/script><!-- Dzs-recept-1 --><ins class=\"adsbygoogle\"     style=\"display:inline-block;width:728px;height:90px\"     data-ad-client=\"ca-pub-5246420517641697\"     data-ad-slot=\"3352945761\"><\/ins><script>(adsbygoogle = window.adsbygoogle || []).push({});<\/script><\/div><\/div>","protected":false},"excerpt":{"rendered":"<p>\u2217 T\u00fara \u00bb A Cserh\u00e1t ter\u00fclet\u00e9n kivitelezett t\u00fara le\u00edr\u00e1sok. A Cserh\u00e1t ter\u00fclet\u00e9n kivitelezett t\u00fara le\u00edr\u00e1sok. 2014-07-05 : Szanda v\u00e1ra, kir\u00e1ndul\u00e1s a v\u00e1rromhoz, meredek, k\u00f6ves \u00fat, csod\u00e1latos kil\u00e1t\u00e1s. &nbsp;<\/p>\n","protected":false},"author":1,"featured_media":0,"parent":0,"menu_order":0,"comment_status":"closed","ping_status":"closed","template":"page-hegyseg.php","meta":{"footnotes":""},"_links":{"self":[{"href":"http:\/\/www.dzs-z.hu\/tura\/wp-json\/wp\/v2\/pages\/156"}],"collection":[{"href":"http:\/\/www.dzs-z.hu\/tura\/wp-json\/wp\/v2\/pages"}],"about":[{"href":"http:\/\/www.dzs-z.hu\/tura\/wp-json\/wp\/v2\/types\/page"}],"author":[{"embeddable":true,"href":"http:\/\/www.dzs-z.hu\/tura\/wp-json\/wp\/v2\/users\/1"}],"replies":[{"embeddable":true,"href":"http:\/\/www.dzs-z.hu\/tura\/wp-json\/wp\/v2\/comments?post=156"}],"version-history":[{"count":6,"href":"http:\/\/www.dzs-z.hu\/tura\/wp-json\/wp\/v2\/pages\/156\/revisions"}],"predecessor-version":[{"id":612,"href":"http:\/\/www.dzs-z.hu\/tura\/wp-json\/wp\/v2\/pages\/156\/revisions\/612"}],"wp:attachment":[{"href":"http:\/\/www.dzs-z.hu\/tura\/wp-json\/wp\/v2\/media?parent=156"}],"curies":[{"name":"wp","href":"https:\/\/api.w.org\/{rel}","templated":true}]}}