{"id":159,"date":"2013-12-22T15:16:08","date_gmt":"2013-12-22T15:16:08","guid":{"rendered":"http:\/\/www.dzs-z.hu\/tura\/?page_id=159"},"modified":"2013-12-22T15:16:52","modified_gmt":"2013-12-22T15:16:52","slug":"varosnezes","status":"publish","type":"page","link":"http:\/\/www.dzs-z.hu\/tura\/varosnezes","title":{"rendered":"V\u00e1rosn\u00e9z\u00e9s, kir\u00e1ndul\u00e1s le\u00edr\u00e1sok"},"content":{"rendered":"<div class=\"brcs\">\u2217 <span itemscope=\"\" itemtype=\"http:\/\/data-vocabulary.org\/Breadcrumb\"><a itemprop=\"url\" title=\"T\u00fara le\u00edr\u00e1sok, ismertet\u00fak dzs-z t\u00fara k\u00e9pei\" href=\"\/tura\"><span itemprop=\"title\">T\u00fara<\/span><\/a><\/span> \u00bb <a title=\"V\u00e1rosn\u00e9z\u00e9s, kir\u00e1ndul\u00e1s le\u00edr\u00e1sok\" href=\"http:\/\/www.dzs-z.hu\/tura\/varosnezes\"><span itemscope=\"\" itemtype=\"http:\/\/data-vocabulary.org\/Breadcrumb\"><span itemprop=\"title\">V\u00e1rosn\u00e9z\u00e9sek, kir\u00e1ndul\u00e1sok<\/span><\/span><\/a><\/div>\n<h4>V\u00e1rosn\u00e9z\u00e9sek, kir\u00e1ndul\u00e1sok.<\/h4>\n<p class=\"tab2\">2005-05-21 :: <a href=\"\/tura\/Varosnezes\/Tata\/index.html\">Tatai t\u00f3 k\u00f6r\u00fcli s\u00e9ta<\/a> A tatai tavat n\u00e9zt\u00fck meg.<\/p>\n<p>2005-07-01 :: <a href=\"\/tura\/Varosnezes\/Sarospatak\/index.html\">S\u00e1rospatak<\/a> F\u00e1radtak voltunk, \u00edgy csak kiaut\u00f3k\u00e1ztunk S\u00e1rospatakra, megtekintett\u00fck a v\u00e1rat, majd Reg\u00e9cre m\u00e1sztunk fel a v\u00e1rat megn\u00e9zni. \u00c9rdemes, sz\u00e9p a kil\u00e1t\u00e1s.<\/p>\n<p>2005-10-15 :: <a href=\"\/tura\/Varosnezes\/Eger\/index.html\">Eger<\/a> Egy d\u00e9lut\u00e1n beugrottunk az egri v\u00e1rat \u00e9s a v\u00e1rost megn\u00e9zni. R\u00e9gen j\u00e1rtam m\u00e1r itt is, \u00edgy \u00e9rdekelt, mire eml\u00e9kszem a v\u00e1rosb\u00f3l.<\/p>\n<p>2006-07-09 :: <a href=\"\/tura\/Varosnezes\/Veszprem\/index.html\">Veszpr\u00e9m<\/a> R\u00f6vid veszpr\u00e9mi s\u00e9ta, v\u00e1rl\u00e1togat\u00e1ssal.<\/p>\n<p>2006-07-29 :: <a href=\"\/tura\/Varosnezes\/Balassagyarmat\/index.html\">Balassagyarmat<\/a> Sz\u00e9cs\u00e9ny \u00e9s Holl\u00f3k\u0151 fel\u00e9 meg\u00e1lltunk enni, \u00e9s fagyizni a v\u00e1rosban.<\/p>\n<p>2006-07-29 :: Holl\u00f3k\u0151 Kiutaztunk Holl\u00f3k\u0151re, megn\u00e9zt\u00fck a v\u00e1rat, a falut.<\/p>\n<p>2006-07-29 :: <a href=\"\/tura\/Varosnezes\/Szecseny\/index.html\">Sz\u00e9cs\u00e9ny<\/a> Sz\u00e9cs\u00e9nyre utaztunk, \u00e9s ismerkedt\u00fcnk meg a a telep\u00fcl\u00e9ssel, \u00e9s a l\u00e1tnival\u00f3kkal.<\/p>\n<p>2006-08-26 :: <a href=\"\/tura\/Varosnezes\/Esztergom\/index.html\">Esztergom s\u00e9tahaj\u00f3<\/a> S\u00e9tahaj\u00f3val Budapestr\u0151l elment\u00fcnk Esztergomba. Ott s\u00e9t\u00e1ltunk egyet a v\u00e1rosban, majd busszal vissza.<\/p>\n<p>2006-11-11 :: <a href=\"\/tura\/Varosnezes\/Onod\/index.html\">\u00d3nod<\/a> Otthon voltunk \u00e9s kiment\u00fcnk a Saj\u00f3 partra, \u00e9s megn\u00e9zt\u00fck az \u00d3nodi v\u00e1rat.<\/p>\n<p>2007-01-06 :: <a href=\"\/tura\/Varosnezes\/Csesznek\/index.html\">Csesznek<\/a> Csesznekre utaztunk egy kis kikapcsol\u00f3d\u00e1sra. Felment\u00fcnk megn\u00e9zni a v\u00e1rat.<\/p>\n<p>2007-10-13 :: <a href=\"\/tura\/Varosnezes\/Debrecen\/index.html\">Debrecen<\/a> Debrecenben j\u00e1rtunk, a Da Vinci ki\u00e1ll\u00edt\u00e1st indultunk megn\u00e9zni. El\u0151tte volt egy kis id\u0151nk, de csak a f\u0151t\u00e9rre, \u00e9s a D\u00e9ri m\u00fazeumba jutottunk el.<\/p>\n<div class=\"inpostadsfull\"><div style=\"margin:10px auto;text-align:center;\"><script async src=\"\/\/pagead2.googlesyndication.com\/pagead\/js\/adsbygoogle.js\"><\/script><!-- Dzs-recept-1 --><ins class=\"adsbygoogle\"     style=\"display:inline-block;width:728px;height:90px\"     data-ad-client=\"ca-pub-5246420517641697\"     data-ad-slot=\"3352945761\"><\/ins><script>(adsbygoogle = window.adsbygoogle || []).push({});<\/script><\/div><\/div>","protected":false},"excerpt":{"rendered":"<p>\u2217 T\u00fara \u00bb V\u00e1rosn\u00e9z\u00e9sek, kir\u00e1ndul\u00e1sok V\u00e1rosn\u00e9z\u00e9sek, kir\u00e1ndul\u00e1sok. 2005-05-21 :: Tatai t\u00f3 k\u00f6r\u00fcli s\u00e9ta A tatai tavat n\u00e9zt\u00fck meg. 2005-07-01 :: S\u00e1rospatak F\u00e1radtak voltunk, \u00edgy csak kiaut\u00f3k\u00e1ztunk S\u00e1rospatakra, megtekintett\u00fck a v\u00e1rat, majd Reg\u00e9cre m\u00e1sztunk fel a v\u00e1rat megn\u00e9zni. \u00c9rdemes, sz\u00e9p a kil\u00e1t\u00e1s. 2005-10-15 :: Eger Egy d\u00e9lut\u00e1n beugrottunk az egri v\u00e1rat \u00e9s a v\u00e1rost megn\u00e9zni. R\u00e9gen [&hellip;]<\/p>\n","protected":false},"author":1,"featured_media":0,"parent":0,"menu_order":0,"comment_status":"closed","ping_status":"closed","template":"page-hegyseg.php","meta":{"footnotes":""},"_links":{"self":[{"href":"http:\/\/www.dzs-z.hu\/tura\/wp-json\/wp\/v2\/pages\/159"}],"collection":[{"href":"http:\/\/www.dzs-z.hu\/tura\/wp-json\/wp\/v2\/pages"}],"about":[{"href":"http:\/\/www.dzs-z.hu\/tura\/wp-json\/wp\/v2\/types\/page"}],"author":[{"embeddable":true,"href":"http:\/\/www.dzs-z.hu\/tura\/wp-json\/wp\/v2\/users\/1"}],"replies":[{"embeddable":true,"href":"http:\/\/www.dzs-z.hu\/tura\/wp-json\/wp\/v2\/comments?post=159"}],"version-history":[{"count":3,"href":"http:\/\/www.dzs-z.hu\/tura\/wp-json\/wp\/v2\/pages\/159\/revisions"}],"predecessor-version":[{"id":162,"href":"http:\/\/www.dzs-z.hu\/tura\/wp-json\/wp\/v2\/pages\/159\/revisions\/162"}],"wp:attachment":[{"href":"http:\/\/www.dzs-z.hu\/tura\/wp-json\/wp\/v2\/media?parent=159"}],"curies":[{"name":"wp","href":"https:\/\/api.w.org\/{rel}","templated":true}]}}