{"id":163,"date":"2013-12-22T15:22:54","date_gmt":"2013-12-22T15:22:54","guid":{"rendered":"http:\/\/www.dzs-z.hu\/tura\/?page_id=163"},"modified":"2015-05-08T11:52:22","modified_gmt":"2015-05-08T11:52:22","slug":"egyeb","status":"publish","type":"page","link":"http:\/\/www.dzs-z.hu\/tura\/egyeb","title":{"rendered":"Egy\u00e9b hegys\u00e9ghez nem k\u00f6thet\u0151 t\u00fara le\u00edr\u00e1sok"},"content":{"rendered":"<div class=\"brcs\">\u2217 <a title=\"T\u00fara le\u00edr\u00e1sok, ismertet\u00fak dzs-z t\u00fara k\u00e9pei\" href=\"\/tura\">T\u00fara<\/a> \u00bb <a title=\"Dzs-z t\u00fara le\u00edr\u00e1sok a Egy\u00e9b hegys\u00e9ghez nem k\u00f6thet\u00f5 t\u00fara ki\u00edr\u00e1s, le\u00edr\u00e1s. \" href=\"\/tura\/egyeb\">Egy\u00e9b hegys\u00e9ghez nem k\u00f6thet\u0151 t\u00fara ki\u00edr\u00e1s, le\u00edr\u00e1s.<\/a><\/div>\n<h4><\/h4>\n\n\n<ul class=\"get_posts_class\">\n  <li><span class=\"gpc-c1\"><a href=\"http:\/\/www.dzs-z.hu\/tura\/cserhat\/paris-patak-szurdokvolgye-es-az-ipolytarnoci-osmaradvanyok\"><img width=\"150\" height=\"150\" src=\"http:\/\/www.dzs-z.hu\/turawp\/wp-content\/uploads\/2018\/10\/cserhat-ipolytarnoc-paris-patak-szurdokvolgy-150x150.jpg\" class=\"attachment-thumbnail size-thumbnail wp-post-image\" alt=\"\" decoding=\"async\" \/><\/a><\/span><span class=\"gpc-c2\"><a href=\"http:\/\/www.dzs-z.hu\/tura\/cserhat\/paris-patak-szurdokvolgye-es-az-ipolytarnoci-osmaradvanyok\">P\u00e1ris patak szurdokv\u00f6lgye \u00e9s az Ipolytarn\u00f3ci \u0150smaradv\u00e1nyok<\/a><\/span><span class=\"gpc-c3\">2018-10-24 08:54:25<\/span><span class=\"gpc-c4\">Kellemes kir\u00e1ndul\u00f3 id\u0151nek \u00edg\u00e9rkezett okt\u00f3ber 22, \u00edgy elindultunk a Cserh\u00e1tban, hogy megismerj\u00fck a P\u00e1ris-patak szurdokv\u00f6lgy\u00e9t \u00e9s megn\u00e9zz\u00fck az Ipolytarn\u00f3ci \u0150smaradv\u00e1nyokat, illetve az ott tal\u00e1lhat\u00f3 l\u00e1togat\u00f3k\u00f6zpontot.<\/span><a href=\"http:\/\/www.dzs-z.hu\/tura\/cserhat\/paris-patak-szurdokvolgye-es-az-ipolytarnoci-osmaradvanyok\">Tov\u00e1bb<\/a><\/li>\n  <li><span class=\"gpc-c1\"><a href=\"http:\/\/www.dzs-z.hu\/tura\/egyeb\/vaci-arteri-tanosveny\"><img width=\"150\" height=\"150\" src=\"http:\/\/www.dzs-z.hu\/turawp\/wp-content\/uploads\/2015\/05\/vac-arteri-tanosveny-150x150.jpg\" class=\"attachment-thumbnail size-thumbnail wp-post-image\" alt=\"\" decoding=\"async\" \/><\/a><\/span><span class=\"gpc-c2\"><a href=\"http:\/\/www.dzs-z.hu\/tura\/egyeb\/vaci-arteri-tanosveny\">V\u00e1ci \u00e1rt\u00e9ri tan\u00f6sv\u00e9ny<\/a><\/span><span class=\"gpc-c3\">2015-05-03 19:06:08<\/span><span class=\"gpc-c4\">A v\u00e1ci \u00e1rt\u00e9ri tan\u00f6sv\u00e9ny babakocsival is k\u00f6nnyen bej\u00e1rhat\u00f3, egy kb. 500 m\u00e9ter hossz\u00fa c\u00f6l\u00f6p\u00f6k\u00f6n \u00e1ll\u00f3 deszka\u00f6sv\u00e9ny vezet be a duna \u00e1rter\u00e9re, egy erd\u0151s\u00e1vba.<\/span><a href=\"http:\/\/www.dzs-z.hu\/tura\/egyeb\/vaci-arteri-tanosveny\">Tov\u00e1bb<\/a><\/li>\n  <li><span class=\"gpc-c1\"><a href=\"http:\/\/www.dzs-z.hu\/tura\/cserhat\/szanda-vara-kirandulas-a-cserhatban-2014-julius-5\"><img width=\"150\" height=\"150\" src=\"http:\/\/www.dzs-z.hu\/turawp\/wp-content\/uploads\/2014\/12\/cserhat-szanda-vara-150x150.jpg\" class=\"attachment-thumbnail size-thumbnail wp-post-image\" alt=\"\" decoding=\"async\" \/><\/a><\/span><span class=\"gpc-c2\"><a href=\"http:\/\/www.dzs-z.hu\/tura\/cserhat\/szanda-vara-kirandulas-a-cserhatban-2014-julius-5\">Szanda-v\u00e1ra kir\u00e1ndul\u00e1s a Cserh\u00e1tban 2014. j\u00falius 5<\/a><\/span><span class=\"gpc-c3\">2014-07-05 09:10:34<\/span><span class=\"gpc-c4\">R\u00f6vid s\u00e9ta Szanda v\u00e1r\u00e1hoz a M\u00e1ria-forr\u00e1s \u00e9rint\u00e9s\u00e9vel.<\/span><a href=\"http:\/\/www.dzs-z.hu\/tura\/cserhat\/szanda-vara-kirandulas-a-cserhatban-2014-julius-5\">Tov\u00e1bb<\/a><\/li>\n<\/ul>\n<h4>Egy\u00e9b hegys\u00e9ghez nem k\u00f6thet\u0151 t\u00fara ki\u00edr\u00e1s, le\u00edr\u00e1s.<\/h4>\n<p>2014-11-22 :: <a title=\"Dorog Piliscsaba OKT t\u00fara 2014-11-22\" href=\"http:\/\/www.dzs-z.hu\/tura\/egyeb\/okt\/dorog-piliscsaba-okt-tura-2014-11-22\">OKT 12.sz t\u00fara<\/a> Az Orsz\u00e1gos K\u00e9kt\u00fara 12. szakasz\u00e1t teljes\u00edtett\u00fck: Dorog indulva Piliscsab\u00e1ig tart\u00f3 szakaszt.<\/p>\n<p>2009-03-20 :: <a href=\"\/tura\/Egyeb\/OKT7_Nagyvazsony\/index.html\">OKT 7.sz t\u00fara<\/a> Az Orsz\u00e1gos K\u00e9kt\u00fara 7. szakasz\u00e1t teljes\u00edtett\u00fck: Nagyv\u00e1zsonyb\u00f3l indulva V\u00e1rosl\u0151dig tart\u00f3 szakaszt.<\/p>\n<p class=\"tab2\">2007-08-10 :: <a href=\"\/tura\/Egyeb\/Fejer-megye_kastelyai_es_varai\/index.html\">Fej\u00e9r-megye kast\u00e9lyai \u00e9s v\u00e1rai<\/a> Fej\u00e9r-megye kast\u00e9lyai \u00e9s v\u00e1rai jelv\u00e9nyszerz\u0151 t\u00fara ki\u00edr\u00e1s teljes\u00edt\u00e9se<\/p>\n<p>2007-10-23 :: <a href=\"\/tura\/Egyeb\/Fejer-megye_autos_071023\/index.html\">Fej\u00e9r-megyei aut\u00f3s kir\u00e1ndul\u00e1s<\/a> A jelv\u00e9nyszerz\u0151 t\u00fara Fej\u00e9r-megye d\u00e9li r\u00e9sz\u00e9n tal\u00e1lhat\u00f3 kast\u00e9lyok felkeres\u00e9se<\/p>\n<p>2007-12-08 :: <a href=\"\/tura\/Egyeb\/OKT5_Tapolca\/index.html\">OKT 5.sz t\u00fara<\/a> Az Orsz\u00e1gos K\u00e9k-t\u00fara 5.sz. t\u00far\u00e1j\u00e1t teljes\u00edtett\u00fck. Tapolc\u00e1r\u00f3l indulva, Badacsonyt\u00f6rdemicre \u00e9rkezve.<\/p>\n<p>2007-12-08 :: <a href=\"\/tura\/Egyeb\/OKT_Orszagos_Kek-tura\/index.html\">OKT Orsz\u00e1gos K\u00e9k-t\u00fara<\/a> Az Orsz\u00e1gos K\u00e9k-t\u00fara teljes\u00edt\u00e9s\u00e9nek a t\u00far\u00e1i.<\/p>\n<p>2007-12-09 :: <a href=\"\/tura\/Egyeb\/Fejer-megye_varai_20071209\/index.html\">Fej\u00e9r-megye v\u00e1rai<\/a> Fej\u00e9r-megye v\u00e1rai \u00e9s kast\u00e9lyai jelv\u00e9nyszerz\u0151 t\u00fara teljes\u00edt\u00e9s\u00e9hez j\u00e1rjuk k\u00f6rbe a megye v\u00e1rait \u00e9s kast\u00e9lyait.<\/p>\n<p>2008-04-20 :: <a href=\"\/tura\/Egyeb\/OKT14_Huvosvolgy\/index.html\">OKT 14.sz t\u00fara<\/a> Az Orsz\u00e1gos K\u00e9k-t\u00fara 14-es szakasz\u00e1t teljes\u00edtett\u00fck. A h\u0171v\u00f6sv\u00f6lgyi gyermek vas\u00fatt\u00f3l a Roz\u00e1lia t\u00e9glagy\u00e1rig vezet\u0151 utat.<\/p>\n<p>2008-05-11 :: <a href=\"\/tura\/Egyeb\/OKT15_Rozaliateglagyar\/index.html\">OKT 15.sz t\u00fara<\/a> Az Orsz\u00e1gos K\u00e9kt\u00fara 15.sz szakasz\u00e1t teljes\u00edtett\u00fck a B\u00e9csi \u00fat (Roz\u00e1lia t\u00e9glagy\u00e1r) &#8211; Pilisszentkereszt &#8211; Dobog\u00f3k\u0151 \u00fatvonalat.<\/p>\n<p>2008-05-26 :: <a href=\"\/tura\/Egyeb\/OKT27_HollohazaBanyinyereg\/index.html\">OKT 27.sz t\u00fara<\/a> Az Orsz\u00e1gos K\u00e9kt\u00fara 27.sz szakasz\u00e1t teljes\u00edtett\u00fck 3 nap alatt.<br \/>\nMi Holl\u00f3h\u00e1z\u00e1n kezdt\u00fck a t\u00far\u00e1t, majd a Nagy-Milic cs\u00facs\u00e1n kereszt\u00fcl a B\u00e1nyi-nyeregig jutottunk.<\/p>\n<p>2008-05-31 :: <a href=\"\/tura\/Egyeb\/OKT22_SirokSzarvasko\/index.html\">OKT 22.sz t\u00fara<\/a> Az Orsz\u00e1gos k\u00e9kt\u00fara 22-es szakasz\u00e1t teljes\u00edtett\u00fck. Sirokr\u00f3l ment\u00fcnk \u00e1t Szarvask\u0151re.<\/p>\n<div class=\"inpostadsfull\"><div style=\"margin:10px auto;text-align:center;\"><script async src=\"\/\/pagead2.googlesyndication.com\/pagead\/js\/adsbygoogle.js\"><\/script><!-- Dzs-recept-1 --><ins class=\"adsbygoogle\"     style=\"display:inline-block;width:728px;height:90px\"     data-ad-client=\"ca-pub-5246420517641697\"     data-ad-slot=\"3352945761\"><\/ins><script>(adsbygoogle = window.adsbygoogle || []).push({});<\/script><\/div><\/div>","protected":false},"excerpt":{"rendered":"<p>\u2217 T\u00fara \u00bb Egy\u00e9b hegys\u00e9ghez nem k\u00f6thet\u0151 t\u00fara ki\u00edr\u00e1s, le\u00edr\u00e1s. Egy\u00e9b hegys\u00e9ghez nem k\u00f6thet\u0151 t\u00fara ki\u00edr\u00e1s, le\u00edr\u00e1s. 2014-11-22 :: OKT 12.sz t\u00fara Az Orsz\u00e1gos K\u00e9kt\u00fara 12. szakasz\u00e1t teljes\u00edtett\u00fck: Dorog indulva Piliscsab\u00e1ig tart\u00f3 szakaszt. 2009-03-20 :: OKT 7.sz t\u00fara Az Orsz\u00e1gos K\u00e9kt\u00fara 7. szakasz\u00e1t teljes\u00edtett\u00fck: Nagyv\u00e1zsonyb\u00f3l indulva V\u00e1rosl\u0151dig tart\u00f3 szakaszt. 2007-08-10 :: Fej\u00e9r-megye kast\u00e9lyai \u00e9s v\u00e1rai [&hellip;]<\/p>\n","protected":false},"author":1,"featured_media":0,"parent":0,"menu_order":0,"comment_status":"closed","ping_status":"closed","template":"page-hegyseg.php","meta":{"footnotes":""},"_links":{"self":[{"href":"http:\/\/www.dzs-z.hu\/tura\/wp-json\/wp\/v2\/pages\/163"}],"collection":[{"href":"http:\/\/www.dzs-z.hu\/tura\/wp-json\/wp\/v2\/pages"}],"about":[{"href":"http:\/\/www.dzs-z.hu\/tura\/wp-json\/wp\/v2\/types\/page"}],"author":[{"embeddable":true,"href":"http:\/\/www.dzs-z.hu\/tura\/wp-json\/wp\/v2\/users\/1"}],"replies":[{"embeddable":true,"href":"http:\/\/www.dzs-z.hu\/tura\/wp-json\/wp\/v2\/comments?post=163"}],"version-history":[{"count":5,"href":"http:\/\/www.dzs-z.hu\/tura\/wp-json\/wp\/v2\/pages\/163\/revisions"}],"predecessor-version":[{"id":544,"href":"http:\/\/www.dzs-z.hu\/tura\/wp-json\/wp\/v2\/pages\/163\/revisions\/544"}],"wp:attachment":[{"href":"http:\/\/www.dzs-z.hu\/tura\/wp-json\/wp\/v2\/media?parent=163"}],"curies":[{"name":"wp","href":"https:\/\/api.w.org\/{rel}","templated":true}]}}