{"id":210,"date":"2013-12-23T09:41:46","date_gmt":"2013-12-23T09:41:46","guid":{"rendered":"http:\/\/www.dzs-z.hu\/tura\/?page_id=210"},"modified":"2013-12-23T09:42:13","modified_gmt":"2013-12-23T09:42:13","slug":"koszeg","status":"publish","type":"page","link":"http:\/\/www.dzs-z.hu\/tura\/koszeg","title":{"rendered":"K\u0151szegi-dombs\u00e1g"},"content":{"rendered":"<div class=\"brcs\">\u2217 <span itemscope=\"\" itemtype=\"http:\/\/data-vocabulary.org\/Breadcrumb\"><a itemprop=\"url\" title=\"T\u00fara le\u00edr\u00e1sok, ismertet\u00fak dzs-z t\u00fara k\u00e9pei\" href=\"\/tura\"><span itemprop=\"title\">T\u00fara<\/span><\/a><\/span> \u00bb <a itemprop=\"url\" title=\"Dzs-z t\u00fara le\u00edr\u00e1sok a A K\u00f5szegi-hegys\u00e9gbeli turista \u00e9lm\u00e9nyek. \" href=\"\/tura\/koszeg\"><span itemprop=\"title\">A K\u00f5szegi-dombs\u00e1gbeli turista \u00e9lm\u00e9nyek.<\/span><\/a><\/div>\n<h4>A K\u0151szegi-dombs\u00e1got \u00e9rintett turista \u00e9lm\u00e9nyek.<\/h4>\n<p>Jelenleg nincs a K\u0151szegi-dombs\u00e1got \u00e9rintett t\u00fara le\u00edr\u00e1sunk.<\/p>\n<p class=\"tab2\">\n<div class=\"inpostadsfull\"><div style=\"margin:10px auto;text-align:center;\"><script async src=\"\/\/pagead2.googlesyndication.com\/pagead\/js\/adsbygoogle.js\"><\/script><!-- Dzs-recept-1 --><ins class=\"adsbygoogle\"     style=\"display:inline-block;width:728px;height:90px\"     data-ad-client=\"ca-pub-5246420517641697\"     data-ad-slot=\"3352945761\"><\/ins><script>(adsbygoogle = window.adsbygoogle || []).push({});<\/script><\/div><\/div>","protected":false},"excerpt":{"rendered":"<p>\u2217 T\u00fara \u00bb A K\u00f5szegi-dombs\u00e1gbeli turista \u00e9lm\u00e9nyek. A K\u0151szegi-dombs\u00e1got \u00e9rintett turista \u00e9lm\u00e9nyek. Jelenleg nincs a K\u0151szegi-dombs\u00e1got \u00e9rintett t\u00fara le\u00edr\u00e1sunk.<\/p>\n","protected":false},"author":1,"featured_media":0,"parent":0,"menu_order":0,"comment_status":"closed","ping_status":"closed","template":"page-hegyseg.php","meta":{"footnotes":""},"_links":{"self":[{"href":"http:\/\/www.dzs-z.hu\/tura\/wp-json\/wp\/v2\/pages\/210"}],"collection":[{"href":"http:\/\/www.dzs-z.hu\/tura\/wp-json\/wp\/v2\/pages"}],"about":[{"href":"http:\/\/www.dzs-z.hu\/tura\/wp-json\/wp\/v2\/types\/page"}],"author":[{"embeddable":true,"href":"http:\/\/www.dzs-z.hu\/tura\/wp-json\/wp\/v2\/users\/1"}],"replies":[{"embeddable":true,"href":"http:\/\/www.dzs-z.hu\/tura\/wp-json\/wp\/v2\/comments?post=210"}],"version-history":[{"count":1,"href":"http:\/\/www.dzs-z.hu\/tura\/wp-json\/wp\/v2\/pages\/210\/revisions"}],"predecessor-version":[{"id":211,"href":"http:\/\/www.dzs-z.hu\/tura\/wp-json\/wp\/v2\/pages\/210\/revisions\/211"}],"wp:attachment":[{"href":"http:\/\/www.dzs-z.hu\/tura\/wp-json\/wp\/v2\/media?parent=210"}],"curies":[{"name":"wp","href":"https:\/\/api.w.org\/{rel}","templated":true}]}}