{"id":212,"date":"2013-12-23T09:44:29","date_gmt":"2013-12-23T09:44:29","guid":{"rendered":"http:\/\/www.dzs-z.hu\/tura\/?page_id=212"},"modified":"2014-10-11T13:01:56","modified_gmt":"2014-10-11T13:01:56","slug":"karpatok","status":"publish","type":"page","link":"http:\/\/www.dzs-z.hu\/tura\/karpatok","title":{"rendered":"K\u00e1rp\u00e1tokat \u00e9rint\u0151 t\u00far\u00e1k le\u00edr\u00e1sa"},"content":{"rendered":"<div class=\"brcs\">\u2217 <a title=\"T\u00fara le\u00edr\u00e1sok, ismertet\u00fak dzs-z t\u00fara k\u00e9pei\" href=\"\/tura\">T\u00fara<\/a> \u00bb <a title=\"Dzs-z t\u00fara le\u00edr\u00e1sok a K\u00e1rp\u00e1tok beli t\u00fara le\u00edr\u00e1sok \" href=\"\/tura\/karpatok\">K\u00e1rp\u00e1tokat \u00e9rint\u0151 t\u00far\u00e1k le\u00edr\u00e1sa<\/a><\/div>\n<h4>K\u00e1rp\u00e1tokat \u00e9rint\u0151 t\u00far\u00e1k le\u00edr\u00e1sa<\/h4>\n<p class=\"tab2\">2014-07-25 :: <a title=\"Fels\u0151vis\u00f3 (Vi\u015feu de Sus) kisvasutaz\u00e1s 2014. j\u00falius 25\" href=\"http:\/\/www.dzs-z.hu\/tura\/karpatok\/felsoviso-viseu-de-sus-kisvasutazas-2014-julius-25\">Fels\u0151vis\u00f3 (Erd\u00e9ly)<\/a>, kisvasutaz\u00e1s<\/p>\n<p class=\"tab2\">2008-06-06 :: <a title=\"Kassai v\u00e1rosn\u00e9z\u00e9s, Torna-v\u00e1ra, Krasznahorka-v\u00e1ra 2008-06-06\" href=\"http:\/\/www.dzs-z.hu\/tura\/karpatok\/kassai-varosnezes-torna-vara-krasznahorka-vara-2008-06-06\">Krasznahorka v\u00e1ra<\/a> Kass\u00e1n kezdt\u00fcnk egy sz\u00e9p reggel, majd Torna v\u00e1r\u00e1n kereszt\u00fcl jutottunk el Krasznahorka v\u00e1r\u00e1ig.<\/p>\n<p class=\"tab2\">2007-07-28 :: <a href=\"\/tura\/Karpatok\/Magas-Tatra_2007\/index.html\">Magas-T\u00e1tra 2007<\/a> Popr\u00e1dra utaztunk ki egy kicsit, hogy a Magas-T\u00e1tr\u00e1ban p\u00e1r helyet meg tudjunk n\u00e9zni.<\/p>\n<p class=\"tab2\">2007-06-24 :: <a href=\"\/tura\/Karpatok\/Erdely_tura\/index.html\">Erd\u00e9ly-t\u00fara<\/a> Egy 2 hetes t\u00far\u00e1t tervezek Erd\u00e9lybe. Bej\u00e1rn\u00e1nk egy r\u00e9sz\u00e9t, az eg\u00e9szre \u00fagysem lenne id\u0151.<\/p>\n<p class=\"tab2\">2006-07-12 :: <a href=\"\/tura\/Karpatok\/Dobsina\/index.html\">Szlov\u00e1k paradicsom<\/a> Rozsny\u00f3, Dobsina, Betl\u00e9r, Dedynki. Aut\u00f3s t\u00fara Szlov\u00e1ki\u00e1ban a r\u00e9gi magyar ter\u00fcleteken.<\/p>\n<p class=\"tab2\">2005-05-15 :: <a href=\"\/tura\/Karpatok\/2005Maramaros\/Sziget\/index.html\">M\u00e1ramarosszigeti t\u00fara<\/a> M\u00e1ramaros megy\u00e9ben Sziget v\u00e1rosban j\u00e1rtunk. Onnan indultunk egy kis t\u00far\u00e1ra, hogy megismerj\u00fck a k\u00f6rny\u00e9ket.<\/p>\n<p class=\"tab2\">2005-05-13 :: <a href=\"\/tura\/Karpatok\/2005Maramaros\/index.html\">M\u00e1ramarossziget<\/a> Erd\u00e9lyben M\u00e1ramarosszigeten j\u00e1rtunk.<\/p>\n<p>&nbsp;<\/p>\n<p>&nbsp;<\/p>\n<p>&nbsp;<\/p>\n<p>&nbsp;<\/p>\n<p>&nbsp;<\/p>\n<div class=\"inpostadsfull\"><div style=\"margin:10px auto;text-align:center;\"><script async src=\"\/\/pagead2.googlesyndication.com\/pagead\/js\/adsbygoogle.js\"><\/script><!-- Dzs-recept-1 --><ins class=\"adsbygoogle\"     style=\"display:inline-block;width:728px;height:90px\"     data-ad-client=\"ca-pub-5246420517641697\"     data-ad-slot=\"3352945761\"><\/ins><script>(adsbygoogle = window.adsbygoogle || []).push({});<\/script><\/div><\/div>","protected":false},"excerpt":{"rendered":"<p>\u2217 T\u00fara \u00bb K\u00e1rp\u00e1tokat \u00e9rint\u0151 t\u00far\u00e1k le\u00edr\u00e1sa K\u00e1rp\u00e1tokat \u00e9rint\u0151 t\u00far\u00e1k le\u00edr\u00e1sa 2014-07-25 :: Fels\u0151vis\u00f3 (Erd\u00e9ly), kisvasutaz\u00e1s 2008-06-06 :: Krasznahorka v\u00e1ra Kass\u00e1n kezdt\u00fcnk egy sz\u00e9p reggel, majd Torna v\u00e1r\u00e1n kereszt\u00fcl jutottunk el Krasznahorka v\u00e1r\u00e1ig. 2007-07-28 :: Magas-T\u00e1tra 2007 Popr\u00e1dra utaztunk ki egy kicsit, hogy a Magas-T\u00e1tr\u00e1ban p\u00e1r helyet meg tudjunk n\u00e9zni. 2007-06-24 :: Erd\u00e9ly-t\u00fara Egy 2 [&hellip;]<\/p>\n","protected":false},"author":1,"featured_media":0,"parent":0,"menu_order":0,"comment_status":"closed","ping_status":"closed","template":"page-hegyseg.php","meta":{"footnotes":""},"_links":{"self":[{"href":"http:\/\/www.dzs-z.hu\/tura\/wp-json\/wp\/v2\/pages\/212"}],"collection":[{"href":"http:\/\/www.dzs-z.hu\/tura\/wp-json\/wp\/v2\/pages"}],"about":[{"href":"http:\/\/www.dzs-z.hu\/tura\/wp-json\/wp\/v2\/types\/page"}],"author":[{"embeddable":true,"href":"http:\/\/www.dzs-z.hu\/tura\/wp-json\/wp\/v2\/users\/1"}],"replies":[{"embeddable":true,"href":"http:\/\/www.dzs-z.hu\/tura\/wp-json\/wp\/v2\/comments?post=212"}],"version-history":[{"count":5,"href":"http:\/\/www.dzs-z.hu\/tura\/wp-json\/wp\/v2\/pages\/212\/revisions"}],"predecessor-version":[{"id":345,"href":"http:\/\/www.dzs-z.hu\/tura\/wp-json\/wp\/v2\/pages\/212\/revisions\/345"}],"wp:attachment":[{"href":"http:\/\/www.dzs-z.hu\/tura\/wp-json\/wp\/v2\/media?parent=212"}],"curies":[{"name":"wp","href":"https:\/\/api.w.org\/{rel}","templated":true}]}}