{"id":224,"date":"2013-12-23T09:58:36","date_gmt":"2013-12-23T09:58:36","guid":{"rendered":"http:\/\/www.dzs-z.hu\/tura\/?page_id=224"},"modified":"2013-12-23T09:58:36","modified_gmt":"2013-12-23T09:58:36","slug":"szekszard","status":"publish","type":"page","link":"http:\/\/www.dzs-z.hu\/tura\/szekszard","title":{"rendered":"Szeksz\u00e1rd"},"content":{"rendered":"<div class=\"brcs\">\u2217 <span itemscope=\"\" itemtype=\"http:\/\/data-vocabulary.org\/Breadcrumb\"><a itemprop=\"url\" title=\"T\u00fara le\u00edr\u00e1sok, ismertet\u00fak dzs-z t\u00fara k\u00e9pei\" href=\"\/tura\"><span itemprop=\"title\">T\u00fara<\/span><\/a><\/span> \u00bb <span itemscope=\"\" itemtype=\"http:\/\/data-vocabulary.org\/Breadcrumb\"><a itemprop=\"url\" title=\"Dzs-z t\u00fara le\u00edr\u00e1sok a A szeksz\u00e1rdi-hegys\u00e9g \u00e9s a k\u00f6rny\u00e9k\u00e9n megtett t\u00far\u00e1ink. \" href=\"\/tura\/szekszard\"><span itemprop=\"title\">A szeksz\u00e1rdi-hegys\u00e9g \u00e9s a k\u00f6rny\u00e9k\u00e9n megtett t\u00far\u00e1ink.<\/span><\/a><\/span><\/div>\n<h3>A szeksz\u00e1rdi-hegys\u00e9g \u00e9s a k\u00f6rny\u00e9k\u00e9n megtett t\u00far\u00e1ink.<\/h3>\n<p class=\"tab2\">2006-03-09 :: <a href=\"\/tura\/Szekszard\/Szalka\/index.html\">Sz\u00e1lka 2006.03.09<\/a> Sz\u00e1lka k\u00f6rny\u00e9k\u00e9n s\u00e9t\u00e1ltunk egy kicsit. Ink\u00e1bb csak kir\u00e1ndul\u00e1s volt, mint t\u00fara.<\/p>\n<div class=\"inpostadsfull\"><div style=\"margin:10px auto;text-align:center;\"><script async src=\"\/\/pagead2.googlesyndication.com\/pagead\/js\/adsbygoogle.js\"><\/script><!-- Dzs-recept-1 --><ins class=\"adsbygoogle\"     style=\"display:inline-block;width:728px;height:90px\"     data-ad-client=\"ca-pub-5246420517641697\"     data-ad-slot=\"3352945761\"><\/ins><script>(adsbygoogle = window.adsbygoogle || []).push({});<\/script><\/div><\/div>","protected":false},"excerpt":{"rendered":"<p>\u2217 T\u00fara \u00bb A szeksz\u00e1rdi-hegys\u00e9g \u00e9s a k\u00f6rny\u00e9k\u00e9n megtett t\u00far\u00e1ink. A szeksz\u00e1rdi-hegys\u00e9g \u00e9s a k\u00f6rny\u00e9k\u00e9n megtett t\u00far\u00e1ink. 2006-03-09 :: Sz\u00e1lka 2006.03.09 Sz\u00e1lka k\u00f6rny\u00e9k\u00e9n s\u00e9t\u00e1ltunk egy kicsit. Ink\u00e1bb csak kir\u00e1ndul\u00e1s volt, mint t\u00fara.<\/p>\n","protected":false},"author":1,"featured_media":0,"parent":0,"menu_order":0,"comment_status":"closed","ping_status":"closed","template":"page-hegyseg.php","meta":{"footnotes":""},"_links":{"self":[{"href":"http:\/\/www.dzs-z.hu\/tura\/wp-json\/wp\/v2\/pages\/224"}],"collection":[{"href":"http:\/\/www.dzs-z.hu\/tura\/wp-json\/wp\/v2\/pages"}],"about":[{"href":"http:\/\/www.dzs-z.hu\/tura\/wp-json\/wp\/v2\/types\/page"}],"author":[{"embeddable":true,"href":"http:\/\/www.dzs-z.hu\/tura\/wp-json\/wp\/v2\/users\/1"}],"replies":[{"embeddable":true,"href":"http:\/\/www.dzs-z.hu\/tura\/wp-json\/wp\/v2\/comments?post=224"}],"version-history":[{"count":1,"href":"http:\/\/www.dzs-z.hu\/tura\/wp-json\/wp\/v2\/pages\/224\/revisions"}],"predecessor-version":[{"id":225,"href":"http:\/\/www.dzs-z.hu\/tura\/wp-json\/wp\/v2\/pages\/224\/revisions\/225"}],"wp:attachment":[{"href":"http:\/\/www.dzs-z.hu\/tura\/wp-json\/wp\/v2\/media?parent=224"}],"curies":[{"name":"wp","href":"https:\/\/api.w.org\/{rel}","templated":true}]}}