{"id":226,"date":"2013-12-23T10:01:02","date_gmt":"2013-12-23T10:01:02","guid":{"rendered":"http:\/\/www.dzs-z.hu\/tura\/?page_id=226"},"modified":"2013-12-23T10:01:02","modified_gmt":"2013-12-23T10:01:02","slug":"velencei","status":"publish","type":"page","link":"http:\/\/www.dzs-z.hu\/tura\/velencei","title":{"rendered":"Velencei"},"content":{"rendered":"<div class=\"brcs\">\u2217 <span itemscope=\"\" itemtype=\"http:\/\/data-vocabulary.org\/Breadcrumb\"><a itemprop=\"url\" title=\"T\u00fara le\u00edr\u00e1sok, ismertet\u00fak dzs-z t\u00fara k\u00e9pei\" href=\"\/tura\"><span itemprop=\"title\">T\u00fara<\/span><\/a><\/span> \u00bb <span itemscope=\"\" itemtype=\"http:\/\/data-vocabulary.org\/Breadcrumb\"><a itemprop=\"url\" title=\"Dzs-z t\u00fara le\u00edr\u00e1sok a A Velencei-hegys\u00e9g ter\u00fclet\u00e9n t\u00far\u00e1ztunk. \" href=\"\/tura\/velencei\"><span itemprop=\"title\">A Velencei-hegys\u00e9g ter\u00fclet\u00e9n t\u00far\u00e1ztunk.<\/span><\/a><\/span><\/div>\n<h3>A Velencei-hegys\u00e9g ter\u00fclet\u00e9n t\u00far\u00e1ztunk.<\/h3>\n<p>Jelenleg nincs a Velencei-hegys\u00e9get \u00e9rint\u0151 t\u00fara le\u00edr\u00e1s az oldalon.<\/p>\n<p class=\"tab2\">\n<div class=\"inpostadsfull\"><div style=\"margin:10px auto;text-align:center;\"><script async src=\"\/\/pagead2.googlesyndication.com\/pagead\/js\/adsbygoogle.js\"><\/script><!-- Dzs-recept-1 --><ins class=\"adsbygoogle\"     style=\"display:inline-block;width:728px;height:90px\"     data-ad-client=\"ca-pub-5246420517641697\"     data-ad-slot=\"3352945761\"><\/ins><script>(adsbygoogle = window.adsbygoogle || []).push({});<\/script><\/div><\/div>","protected":false},"excerpt":{"rendered":"<p>\u2217 T\u00fara \u00bb A Velencei-hegys\u00e9g ter\u00fclet\u00e9n t\u00far\u00e1ztunk. A Velencei-hegys\u00e9g ter\u00fclet\u00e9n t\u00far\u00e1ztunk. Jelenleg nincs a Velencei-hegys\u00e9get \u00e9rint\u0151 t\u00fara le\u00edr\u00e1s az oldalon.<\/p>\n","protected":false},"author":1,"featured_media":0,"parent":0,"menu_order":0,"comment_status":"closed","ping_status":"closed","template":"page-hegyseg.php","meta":{"footnotes":""},"_links":{"self":[{"href":"http:\/\/www.dzs-z.hu\/tura\/wp-json\/wp\/v2\/pages\/226"}],"collection":[{"href":"http:\/\/www.dzs-z.hu\/tura\/wp-json\/wp\/v2\/pages"}],"about":[{"href":"http:\/\/www.dzs-z.hu\/tura\/wp-json\/wp\/v2\/types\/page"}],"author":[{"embeddable":true,"href":"http:\/\/www.dzs-z.hu\/tura\/wp-json\/wp\/v2\/users\/1"}],"replies":[{"embeddable":true,"href":"http:\/\/www.dzs-z.hu\/tura\/wp-json\/wp\/v2\/comments?post=226"}],"version-history":[{"count":1,"href":"http:\/\/www.dzs-z.hu\/tura\/wp-json\/wp\/v2\/pages\/226\/revisions"}],"predecessor-version":[{"id":227,"href":"http:\/\/www.dzs-z.hu\/tura\/wp-json\/wp\/v2\/pages\/226\/revisions\/227"}],"wp:attachment":[{"href":"http:\/\/www.dzs-z.hu\/tura\/wp-json\/wp\/v2\/media?parent=226"}],"curies":[{"name":"wp","href":"https:\/\/api.w.org\/{rel}","templated":true}]}}