{"id":233,"date":"2013-12-23T10:12:51","date_gmt":"2013-12-23T10:12:51","guid":{"rendered":"http:\/\/www.dzs-z.hu\/tura\/?page_id=233"},"modified":"2013-12-23T10:13:01","modified_gmt":"2013-12-23T10:13:01","slug":"visegrad","status":"publish","type":"page","link":"http:\/\/www.dzs-z.hu\/tura\/visegrad","title":{"rendered":"Visegr\u00e1di-hegys\u00e9g"},"content":{"rendered":"<div class=\"brcs\">\u2217 <span itemscope=\"\" itemtype=\"http:\/\/data-vocabulary.org\/Breadcrumb\"><a itemprop=\"url\" title=\"T\u00fara le\u00edr\u00e1sok, ismertet\u00fak dzs-z t\u00fara k\u00e9pei\" href=\"\/tura\"><span itemprop=\"title\">T\u00fara<\/span><\/a><\/span> \u00bb <span itemscope=\"\" itemtype=\"http:\/\/data-vocabulary.org\/Breadcrumb\"><a itemprop=\"url\" title=\"Dzs-z t\u00fara le\u00edr\u00e1sok a Visegr\u00e1di-hegys\u00e9g t\u00fara le\u00edr\u00e1sok \" href=\"\/tura\/visegrad\"><span itemprop=\"title\">Visegr\u00e1di-hegys\u00e9g t\u00fara le\u00edr\u00e1sok<\/span><\/a><\/span><\/div>\n<h3>Visegr\u00e1di-hegys\u00e9g t\u00fara le\u00edr\u00e1sok<\/h3>\n<p class=\"tab2\">2005-06-18 :: <a href=\"\/tura\/Visegrad\/Lajosforras\/index.html\">Lajos-forr\u00e1s &#8211; Hi\u00e9na heppa II.<\/a> Visegr\u00e1di-hegys\u00e9g Lajos-forr\u00e1s turistah\u00e1z :: Hi\u00e9na hepp\u00e1val egybek\u00f6t\u00f6tt kikapcsol\u00f3d\u00e1s<\/p>\n<p>2006-08-04 :: <a href=\"\/tura\/Visegrad\/Visegradi_var\/index.html\">Visegr\u00e1di v\u00e1r l\u00e1togat\u00e1s<\/a> A Visegr\u00e1di v\u00e1rat l\u00e1togattuk meg az id\u0151 miatt. Sz\u00e9p a v\u00e1r, de kicsit t\u00falz\u00e1snak tartom a bel\u00e9p\u0151d\u00edjat.<\/p>\n<div class=\"inpostadsfull\"><div style=\"margin:10px auto;text-align:center;\"><script async src=\"\/\/pagead2.googlesyndication.com\/pagead\/js\/adsbygoogle.js\"><\/script><!-- Dzs-recept-1 --><ins class=\"adsbygoogle\"     style=\"display:inline-block;width:728px;height:90px\"     data-ad-client=\"ca-pub-5246420517641697\"     data-ad-slot=\"3352945761\"><\/ins><script>(adsbygoogle = window.adsbygoogle || []).push({});<\/script><\/div><\/div>","protected":false},"excerpt":{"rendered":"<p>\u2217 T\u00fara \u00bb Visegr\u00e1di-hegys\u00e9g t\u00fara le\u00edr\u00e1sok Visegr\u00e1di-hegys\u00e9g t\u00fara le\u00edr\u00e1sok 2005-06-18 :: Lajos-forr\u00e1s &#8211; Hi\u00e9na heppa II. Visegr\u00e1di-hegys\u00e9g Lajos-forr\u00e1s turistah\u00e1z :: Hi\u00e9na hepp\u00e1val egybek\u00f6t\u00f6tt kikapcsol\u00f3d\u00e1s 2006-08-04 :: Visegr\u00e1di v\u00e1r l\u00e1togat\u00e1s A Visegr\u00e1di v\u00e1rat l\u00e1togattuk meg az id\u0151 miatt. Sz\u00e9p a v\u00e1r, de kicsit t\u00falz\u00e1snak tartom a bel\u00e9p\u0151d\u00edjat.<\/p>\n","protected":false},"author":1,"featured_media":0,"parent":0,"menu_order":0,"comment_status":"closed","ping_status":"closed","template":"page-hegyseg.php","meta":{"footnotes":""},"_links":{"self":[{"href":"http:\/\/www.dzs-z.hu\/tura\/wp-json\/wp\/v2\/pages\/233"}],"collection":[{"href":"http:\/\/www.dzs-z.hu\/tura\/wp-json\/wp\/v2\/pages"}],"about":[{"href":"http:\/\/www.dzs-z.hu\/tura\/wp-json\/wp\/v2\/types\/page"}],"author":[{"embeddable":true,"href":"http:\/\/www.dzs-z.hu\/tura\/wp-json\/wp\/v2\/users\/1"}],"replies":[{"embeddable":true,"href":"http:\/\/www.dzs-z.hu\/tura\/wp-json\/wp\/v2\/comments?post=233"}],"version-history":[{"count":2,"href":"http:\/\/www.dzs-z.hu\/tura\/wp-json\/wp\/v2\/pages\/233\/revisions"}],"predecessor-version":[{"id":235,"href":"http:\/\/www.dzs-z.hu\/tura\/wp-json\/wp\/v2\/pages\/233\/revisions\/235"}],"wp:attachment":[{"href":"http:\/\/www.dzs-z.hu\/tura\/wp-json\/wp\/v2\/media?parent=233"}],"curies":[{"name":"wp","href":"https:\/\/api.w.org\/{rel}","templated":true}]}}