{"id":241,"date":"2013-12-23T10:17:40","date_gmt":"2013-12-23T10:17:40","guid":{"rendered":"http:\/\/www.dzs-z.hu\/tura\/?page_id=241"},"modified":"2017-04-01T11:45:01","modified_gmt":"2017-04-01T11:45:01","slug":"zemplen","status":"publish","type":"page","link":"http:\/\/www.dzs-z.hu\/tura\/zemplen","title":{"rendered":"Zempl\u00e9ni-hegys\u00e9g t\u00far\u00e1ink le\u00edr\u00e1sa"},"content":{"rendered":"<div class=\"brcs\">\u2217 <a title=\"T\u00fara le\u00edr\u00e1sok, ismertet\u00fak dzs-z t\u00fara k\u00e9pei\" href=\"\/tura\">T\u00fara<\/a> \u00bb <a title=\"Dzs-z t\u00fara le\u00edr\u00e1sok a Zempl\u00e9ni-hegys\u00e9g t\u00fara le\u00edr\u00e1sok \" href=\"\/tura\/zemplen\">Zempl\u00e9ni-hegys\u00e9g t\u00fara le\u00edr\u00e1sok<\/a><\/div>\n<div class=\"brcs\">\n\n<ul class=\"get_posts_class\">\n  <li><span class=\"gpc-c1\"><a href=\"http:\/\/www.dzs-z.hu\/tura\/egyeb\/okt-zempleni-hegyseg-regec-makkoshotyka-az-okt-26-szakasz-teljesitese\"><img width=\"150\" height=\"150\" src=\"http:\/\/www.dzs-z.hu\/turawp\/wp-content\/uploads\/2022\/08\/okt-26-regec-makkoshotyka-150x150.jpg\" class=\"attachment-thumbnail size-thumbnail wp-post-image\" alt=\"\" decoding=\"async\" srcset=\"http:\/\/www.dzs-z.hu\/turawp\/wp-content\/uploads\/2022\/08\/okt-26-regec-makkoshotyka-150x150.jpg 150w, http:\/\/www.dzs-z.hu\/turawp\/wp-content\/uploads\/2022\/08\/okt-26-regec-makkoshotyka-65x65.jpg 65w\" sizes=\"(max-width: 150px) 100vw, 150px\" \/><\/a><\/span><span class=\"gpc-c2\"><a href=\"http:\/\/www.dzs-z.hu\/tura\/egyeb\/okt-zempleni-hegyseg-regec-makkoshotyka-az-okt-26-szakasz-teljesitese\">OKT Zempl\u00e9ni-hegys\u00e9g, Reg\u00e9c \u2013 Makkoshotyka, az OKT 26. szakasz teljes\u00edt\u00e9se<\/a><\/span><span class=\"gpc-c3\">2022-08-03 17:20:18<\/span><span class=\"gpc-c4\"><\/span><a href=\"http:\/\/www.dzs-z.hu\/tura\/egyeb\/okt-zempleni-hegyseg-regec-makkoshotyka-az-okt-26-szakasz-teljesitese\">Tov\u00e1bb<\/a><\/li>\n  <li><span class=\"gpc-c1\"><a href=\"http:\/\/www.dzs-z.hu\/tura\/zemplen\/index-html-3\"><img width=\"150\" height=\"150\" src=\"http:\/\/www.dzs-z.hu\/turawp\/wp-content\/uploads\/2014\/10\/zemplen-rakoczi-tura-150x150.jpg\" class=\"attachment-thumbnail size-thumbnail wp-post-image\" alt=\"\" decoding=\"async\" \/><\/a><\/span><span class=\"gpc-c2\"><a href=\"http:\/\/www.dzs-z.hu\/tura\/zemplen\/index-html-3\">Zempl\u00e9n<\/a><\/span><span class=\"gpc-c3\">2014-10-09 21:09:02<\/span><span class=\"gpc-c4\">Zempl\u00e9ni t\u00far\u00e1k, t\u00far\u00e1ink a Zempl\u00e9n-hegys\u00e9gben. Volt Zempl\u00e9ni R\u00e1k\u00f3czi t\u00fara, Orsz\u00e1gos K\u00e9k-t\u00fara a Zempl\u00e9nben.<\/span><a href=\"http:\/\/www.dzs-z.hu\/tura\/zemplen\/index-html-3\">Tov\u00e1bb<\/a><\/li>\n  <li><span class=\"gpc-c1\"><a href=\"http:\/\/www.dzs-z.hu\/tura\/zemplen\/zempleni-rakoczi-tura-tervezet-es-leiras-2006-08-15\"><img width=\"150\" height=\"150\" src=\"http:\/\/www.dzs-z.hu\/turawp\/wp-content\/uploads\/2014\/10\/zemplen-rakoczi-tura-150x150.jpg\" class=\"attachment-thumbnail size-thumbnail wp-post-image\" alt=\"\" decoding=\"async\" \/><\/a><\/span><span class=\"gpc-c2\"><a href=\"http:\/\/www.dzs-z.hu\/tura\/zemplen\/zempleni-rakoczi-tura-tervezet-es-leiras-2006-08-15\">Zempl\u00e9ni R\u00e1k\u00f3czi-t\u00fara tervezet \u00e9s le\u00edr\u00e1s 2006-08-15<\/a><\/span><span class=\"gpc-c3\">2006-08-15 21:33:32<\/span><span class=\"gpc-c4\"><\/span><a href=\"http:\/\/www.dzs-z.hu\/tura\/zemplen\/zempleni-rakoczi-tura-tervezet-es-leiras-2006-08-15\">Tov\u00e1bb<\/a><\/li>\n  <li><span class=\"gpc-c1\"><a href=\"http:\/\/www.dzs-z.hu\/tura\/zemplen\/regec-koruli-seta-2015-11-24\"><img width=\"150\" height=\"150\" src=\"http:\/\/www.dzs-z.hu\/turawp\/wp-content\/uploads\/2014\/10\/zemplen-regec-tel-150x150.jpg\" class=\"attachment-thumbnail size-thumbnail wp-post-image\" alt=\"\" decoding=\"async\" \/><\/a><\/span><span class=\"gpc-c2\"><a href=\"http:\/\/www.dzs-z.hu\/tura\/zemplen\/regec-koruli-seta-2015-11-24\">Reg\u00e9c k\u00f6r\u00fcli s\u00e9ta 2015-11-24<\/a><\/span><span class=\"gpc-c3\">2005-11-24 21:11:25<\/span><span class=\"gpc-c4\"><\/span><a href=\"http:\/\/www.dzs-z.hu\/tura\/zemplen\/regec-koruli-seta-2015-11-24\">Tov\u00e1bb<\/a><\/li>\n<\/ul><\/div>\n<h3>Zempl\u00e9ni-hegys\u00e9g t\u00fara le\u00edr\u00e1sok<\/h3>\n<p class=\"tab2\">2005-11-24 :: <a href=\"\/tura\/zemplen\/regec-koruli-seta-2015-11-24\">Reg\u00e9c k\u00f6r\u00fcli s\u00e9ta<\/a> A Reg\u00e9c k\u00f6r\u00fcli erd\u0151ben tett\u00fcnk egy kis s\u00e9t\u00e1t az erd\u0151ben.<\/p>\n<p>2006-08-15 :: <a href=\"\/tura\/zemplen\/zempleni-rakoczi-tura-tervezet-es-leiras-2006-08-15\">R\u00e1k\u00f3czi-t\u00fara tervezet<\/a> A Zempl\u00e9n-hegys\u00e9gi R\u00e1k\u00f3czi t\u00far\u00e1t szeretn\u00e9nk teljes\u00edteni. Elkezdem a tervez\u00e9st, \u00e9s megl\u00e1tjuk, hogy id\u0151ben hogy siker\u00fcl \u00f6sszehozni.<\/p>\n<p>2006-11-07 :: <a href=\"\/tura\/Zemplen\/Rakoczi-tura_Fuzer-Hollohaza\/index.html\">F\u00fcz\u00e9r &#8211; Holl\u00f3h\u00e1za<\/a> F\u00fcz\u00e9rre utaztunk a zempl\u00e9ni R\u00e1k\u00f3czi t\u00fara teljes\u00edt\u00e9s\u00e9hez. Els\u0151 nap F\u00fcz\u00e9rr\u0151l s\u00e9t\u00e1ltunk \u00e1t Holl\u00f3h\u00e1z\u00e1ra.<\/p>\n<p>2006-11-08 :: <a href=\"\/tura\/Zemplen\/Rakoczi-tura_Hollohaza-Regec\/index.html\">Holl\u00f3h\u00e1za &#8211; Reg\u00e9c<\/a> A zempl\u00e9ni R\u00e1k\u00f3czi t\u00fara teljes\u00edt\u00e9s\u00e9hez Holl\u00f3h\u00e1z\u00e1r\u00f3l s\u00e9t\u00e1ltunk \u00e1t Reg\u00e9cre, kis g\u00f6nci kit\u00e9r\u0151vel.<\/p>\n<p>2006-11-09 :: <a href=\"\/tura\/Zemplen\/Rakoczi-tura_Regec-Erdohorvati\/index.html\">Reg\u00e9c &#8211; Erd\u0151horv\u00e1ti<\/a> A zempl\u00e9ni R\u00e1k\u00f3czi t\u00fara teljes\u00edt\u00e9s\u00e9hez Reg\u00e9cr\u0151l indulva jutottunk el Erd\u0151horv\u00e1tiba.<\/p>\n<p>2006-12-23 :: <a href=\"\/tura\/Zemplen\/Rakoczi-tura_Feherkut\/index.html\">Feh\u00e9r-k\u00fat<\/a> Reg\u00e9cre utaztunk, hogy a R\u00e1k\u00f3czi-t\u00fara egy \u00e1llom\u00e1s\u00e1t a Feh\u00e9r-k\u00fat nev\u0171 forr\u00e1st l\u00e1togattuk meg, majd s\u00e9t\u00e1ltunk vissza Reg\u00e9cre.<\/p>\n<p>2007-04-29 :: <a href=\"\/tura\/Zemplen\/Erdohorvati_Sarospatak\/index.html\">Erd\u0151horv\u00e1ti &#8211; S\u00e1rospatak<\/a> Erd\u0151horv\u00e1ti &#8211; S\u00e1rospatak, a zempl\u00e9ni R\u00e1k\u00f3czi-t\u00fara befejez\u0151 szakasza. \u00c9rintett\u00fck m\u00e9g Koml\u00f3sk\u00e1t \u00e9s Hercegkutat.<\/p>\n<div class=\"inpostadsfull\"><div style=\"margin:10px auto;text-align:center;\"><script async src=\"\/\/pagead2.googlesyndication.com\/pagead\/js\/adsbygoogle.js\"><\/script><!-- Dzs-recept-1 --><ins class=\"adsbygoogle\"     style=\"display:inline-block;width:728px;height:90px\"     data-ad-client=\"ca-pub-5246420517641697\"     data-ad-slot=\"3352945761\"><\/ins><script>(adsbygoogle = window.adsbygoogle || []).push({});<\/script><\/div><\/div>","protected":false},"excerpt":{"rendered":"<p>\u2217 T\u00fara \u00bb Zempl\u00e9ni-hegys\u00e9g t\u00fara le\u00edr\u00e1sok Zempl\u00e9ni-hegys\u00e9g t\u00fara le\u00edr\u00e1sok 2005-11-24 :: Reg\u00e9c k\u00f6r\u00fcli s\u00e9ta A Reg\u00e9c k\u00f6r\u00fcli erd\u0151ben tett\u00fcnk egy kis s\u00e9t\u00e1t az erd\u0151ben. 2006-08-15 :: R\u00e1k\u00f3czi-t\u00fara tervezet A Zempl\u00e9n-hegys\u00e9gi R\u00e1k\u00f3czi t\u00far\u00e1t szeretn\u00e9nk teljes\u00edteni. Elkezdem a tervez\u00e9st, \u00e9s megl\u00e1tjuk, hogy id\u0151ben hogy siker\u00fcl \u00f6sszehozni. 2006-11-07 :: F\u00fcz\u00e9r &#8211; Holl\u00f3h\u00e1za F\u00fcz\u00e9rre utaztunk a zempl\u00e9ni R\u00e1k\u00f3czi t\u00fara [&hellip;]<\/p>\n","protected":false},"author":1,"featured_media":0,"parent":0,"menu_order":0,"comment_status":"closed","ping_status":"closed","template":"page-hegyseg.php","meta":{"footnotes":""},"_links":{"self":[{"href":"http:\/\/www.dzs-z.hu\/tura\/wp-json\/wp\/v2\/pages\/241"}],"collection":[{"href":"http:\/\/www.dzs-z.hu\/tura\/wp-json\/wp\/v2\/pages"}],"about":[{"href":"http:\/\/www.dzs-z.hu\/tura\/wp-json\/wp\/v2\/types\/page"}],"author":[{"embeddable":true,"href":"http:\/\/www.dzs-z.hu\/tura\/wp-json\/wp\/v2\/users\/1"}],"replies":[{"embeddable":true,"href":"http:\/\/www.dzs-z.hu\/tura\/wp-json\/wp\/v2\/comments?post=241"}],"version-history":[{"count":5,"href":"http:\/\/www.dzs-z.hu\/tura\/wp-json\/wp\/v2\/pages\/241\/revisions"}],"predecessor-version":[{"id":643,"href":"http:\/\/www.dzs-z.hu\/tura\/wp-json\/wp\/v2\/pages\/241\/revisions\/643"}],"wp:attachment":[{"href":"http:\/\/www.dzs-z.hu\/tura\/wp-json\/wp\/v2\/media?parent=241"}],"curies":[{"name":"wp","href":"https:\/\/api.w.org\/{rel}","templated":true}]}}