{"id":346,"date":"2014-10-11T13:18:06","date_gmt":"2014-10-11T13:18:06","guid":{"rendered":"http:\/\/www.dzs-z.hu\/tura\/?page_id=346"},"modified":"2014-10-14T06:54:28","modified_gmt":"2014-10-14T06:54:28","slug":"arboretum","status":"publish","type":"page","link":"http:\/\/www.dzs-z.hu\/tura\/arboretum","title":{"rendered":"Arbor\u00e9tum, n\u00f6v\u00e9nykert, park l\u00e1togat\u00e1sok, kir\u00e1ndul\u00e1s"},"content":{"rendered":"<p>\u2217 <a title=\"T\u00fara le\u00edr\u00e1sok, ismertet\u00fak dzs-z t\u00fara k\u00e9pei\" href=\"\/tura\">T\u00fara<\/a> \u00bb <a href=\"\/tura\/arboretum\">Arbor\u00e9tum, n\u00f6v\u00e9nykert l\u00e1togat\u00e1s, kir\u00e1ndul\u00e1s<\/a><\/p>\n<h4>Arbor\u00e9tumok, n\u00f6v\u00e9nykertek l\u00e1togat\u00e1sa, s\u00e9ta, kir\u00e1ndul\u00e1s<\/h4>\n<ul>\n<li>Szarvasi Arbor\u00e9tum<\/li>\n<li><a title=\"V\u00e1cr\u00e1t\u00f3t Arbor\u00e9tum l\u00e1togat\u00e1s 2010-08-20\" href=\"http:\/\/www.dzs-z.hu\/tura\/egyeb\/vacratot-arboretum-latogatas-2010-08-20\">V\u00e1cr\u00e1t\u00f3ti Arbor\u00e9tum<\/a><\/li>\n<li>G\u00f6d\u00f6ll\u0151i Arbor\u00e9tum<\/li>\n<li>Alcs\u00fati Arbor\u00e9tum<\/li>\n<li>G\u00f6d\u00f6ll\u0151, Erzs\u00e9bet Park<\/li>\n<\/ul>\n<div class=\"inpostadsfull\"><div style=\"margin:10px auto;text-align:center;\"><script async src=\"\/\/pagead2.googlesyndication.com\/pagead\/js\/adsbygoogle.js\"><\/script><!-- Dzs-recept-1 --><ins class=\"adsbygoogle\"     style=\"display:inline-block;width:728px;height:90px\"     data-ad-client=\"ca-pub-5246420517641697\"     data-ad-slot=\"3352945761\"><\/ins><script>(adsbygoogle = window.adsbygoogle || []).push({});<\/script><\/div><\/div>","protected":false},"excerpt":{"rendered":"<p>\u2217 T\u00fara \u00bb Arbor\u00e9tum, n\u00f6v\u00e9nykert l\u00e1togat\u00e1s, kir\u00e1ndul\u00e1s Arbor\u00e9tumok, n\u00f6v\u00e9nykertek l\u00e1togat\u00e1sa, s\u00e9ta, kir\u00e1ndul\u00e1s Szarvasi Arbor\u00e9tum V\u00e1cr\u00e1t\u00f3ti Arbor\u00e9tum G\u00f6d\u00f6ll\u0151i Arbor\u00e9tum Alcs\u00fati Arbor\u00e9tum G\u00f6d\u00f6ll\u0151, Erzs\u00e9bet Park<\/p>\n","protected":false},"author":1,"featured_media":0,"parent":0,"menu_order":0,"comment_status":"closed","ping_status":"closed","template":"","meta":{"footnotes":""},"_links":{"self":[{"href":"http:\/\/www.dzs-z.hu\/tura\/wp-json\/wp\/v2\/pages\/346"}],"collection":[{"href":"http:\/\/www.dzs-z.hu\/tura\/wp-json\/wp\/v2\/pages"}],"about":[{"href":"http:\/\/www.dzs-z.hu\/tura\/wp-json\/wp\/v2\/types\/page"}],"author":[{"embeddable":true,"href":"http:\/\/www.dzs-z.hu\/tura\/wp-json\/wp\/v2\/users\/1"}],"replies":[{"embeddable":true,"href":"http:\/\/www.dzs-z.hu\/tura\/wp-json\/wp\/v2\/comments?post=346"}],"version-history":[{"count":6,"href":"http:\/\/www.dzs-z.hu\/tura\/wp-json\/wp\/v2\/pages\/346\/revisions"}],"predecessor-version":[{"id":361,"href":"http:\/\/www.dzs-z.hu\/tura\/wp-json\/wp\/v2\/pages\/346\/revisions\/361"}],"wp:attachment":[{"href":"http:\/\/www.dzs-z.hu\/tura\/wp-json\/wp\/v2\/media?parent=346"}],"curies":[{"name":"wp","href":"https:\/\/api.w.org\/{rel}","templated":true}]}}