{"id":37,"date":"2013-12-17T18:50:25","date_gmt":"2013-12-17T18:50:25","guid":{"rendered":"http:\/\/www.dzs-z.hu\/tura\/?page_id=37"},"modified":"2013-12-17T19:11:20","modified_gmt":"2013-12-17T19:11:20","slug":"turistajelzes","status":"publish","type":"page","link":"http:\/\/www.dzs-z.hu\/tura\/hasznos-infok\/turistajelzes","title":{"rendered":"Turistajelz\u00e9s"},"content":{"rendered":"<div class=\"brcs\">\u2217 <span itemscope=\"\" itemtype=\"http:\/\/data-vocabulary.org\/Breadcrumb\"><a itemprop=\"url\" title=\"T\u00fara le\u00edr\u00e1sok, ismertet\u00fak dzs-z t\u00fara k\u00e9pei\" href=\"\/tura\"><span itemprop=\"title\">T\u00fara<\/span><\/a><\/span> \u00bb <span itemscope=\"\" itemtype=\"http:\/\/data-vocabulary.org\/Breadcrumb\"><a itemprop=\"url\" title=\"Dzs-z t\u00fara le\u00edr\u00e1sok a turista jelz\u00e9s magyar\u00e1zat \" href=\"\/tura\/turistajelzes\"><span itemprop=\"title\">turista jelz\u00e9sek<\/span><\/a><\/span><\/div>\n<h4>Turistajelz\u00e9s ismertet\u0151, t\u00fara jelz\u00e9s magyar\u00e1zat<\/h4>\n<p>A jelen l\u00e1that\u00f3 egys\u00e9ges turista \u00fatjelz\u00e9sek 1930 \u00f3ta haszn\u00e1latosak, m\u00e1s n\u00e9ven turistajelz\u00e9s. A turista t\u00e9rk\u00e9peken piros folytonos vonallal \u00e1br\u00e1zolj\u00e1k az \u00fatvonalakat. A turista\u00fat sz\u00ednjelz\u00e9s\u00e9t vagy a kezd\u0151bet\u0171k felt\u00fcntet\u00e9s\u00e9vel vagy a t\u00e9nyleges sz\u00edn \u00e9s jelz\u00e9s k\u00f3dot \u00e1br\u00e1zolj\u00e1k. A jelz\u00e9seket \u00e1ltal\u00e1ban j\u00f3l l\u00e1that\u00f3 terept\u00e1rgyakra, jellemz\u0151en f\u00e1k t\u00f6rzs\u00e9re festik fel. Ezeknek az \u00fatjelz\u00e9seknek a sz\u00edne n\u00e9gyf\u00e9le lehet: k\u00e9k, piros, s\u00e1rga, \u00e9s z\u00f6ld. Ez egy r\u00f6vid le\u00edr\u00e1s a turistajelz\u00e9s meg\u00e9rt\u00e9s\u00e9hez.<\/p>\n<h5>S\u00e1v turistajelz\u00e9s<\/h5>\n<p>K\u00e9t feh\u00e9r s\u00e1v k\u00f6z\u00f6tt egy sz\u00ednes s\u00e1v jel\u00f6li a v\u00e1ndorutat, melynek kezd\u0151- \u00e9s v\u00e9gpontja \u00e1ltal\u00e1ban valamilyen t\u00f6megk\u00f6zleked\u00e9si eszk\u00f6zzel el\u00e9rhet\u0151. A legfontosabb \u00fatvonal az 1100 km hossz\u00fas\u00e1g\u00fa Orsz\u00e1gos K\u00e9k T\u00fara &#8211; OKT &#8211; k\u00e9k s\u00e1v jelz\u00e9s\u0171, mely a nyugati hat\u00e1rt\u00f3l az \u00cdrott-k\u0151t\u0151l indul, \u00e9s a Zempl\u00e9nben, Holl\u00f3h\u00e1z\u00e1n \u00e9r v\u00e9get.\u00a0 <a class=\"nolink\" title=\"K\u00e9k s\u00e1v turista jelz\u00e9s\" href=\"\/tura\/turistajelzes\"><img decoding=\"async\" class=\"turistajelzeskep\" alt=\"K\u00e9k s\u00e1v turista jelz\u00e9s\" src=\"\/images\/tura\/jelzesek\/kesav1.gif\" \/><\/a> <a class=\"nolink\" title=\"Piros s\u00e1v turista jelz\u00e9s\" href=\"\/tura\/turistajelzes\"><img decoding=\"async\" class=\"turistajelzeskep\" alt=\"Piros s\u00e1v turista jelz\u00e9s\" src=\"\/images\/tura\/jelzesek\/pisav1.gif\" \/><\/a> <a class=\"nolink\" title=\"S\u00e1rga s\u00e1v turista jelz\u00e9s\" href=\"\/tura\/turistajelzes\"><img decoding=\"async\" class=\"turistajelzeskep\" alt=\"S\u00e1rga s\u00e1v turista jelz\u00e9s\" src=\"\/images\/tura\/jelzesek\/sasav1.gif\" \/><\/a> <a class=\"nolink\" title=\"Z\u00f6ld s\u00e1v turista jelz\u00e9s\" href=\"\/tura\/turistajelzes\"><img decoding=\"async\" class=\"turistajelzeskep\" alt=\"Z\u00f6ld s\u00e1v turista jelz\u00e9s\" src=\"\/images\/tura\/jelzesek\/zosav1.gif\" \/><\/a><\/p>\n<hr \/>\n<h5>Kereszt turistajelz\u00e9s<\/h5>\n<p>\u00c1ltal\u00e1ban k\u00e9t s\u00e1v jelz\u00e9s\u0171 utat k\u00f6t \u00f6ssze, vagy r\u00f6vid\u00edt a s\u00e1v jelz\u00e9s\u0171 \u00fatvonalon. Sz\u00edne megegyezik a magasabb \u00e9rt\u00e9k\u0171 s\u00e1v jelz\u00e9s sz\u00edn\u00e9vel. <a class=\"nolink\" title=\"K\u00e9k kereszt turista jelz\u00e9s\" href=\"\/tura\/turistajelzes\"><img decoding=\"async\" class=\"turistajelzeskep\" alt=\"K\u00e9k kereszt turista jelz\u00e9s\" src=\"\/images\/tura\/jelzesek\/keker1.gif\" \/><\/a> <a class=\"nolink\" title=\"Piros kereszt turista jelz\u00e9s\" href=\"\/tura\/turistajelzes\"><img decoding=\"async\" class=\"turistajelzeskep\" alt=\"Piros kereszt turista jelz\u00e9s\" src=\"\/images\/tura\/jelzesek\/piker1.gif\" \/><\/a> <a class=\"nolink\" title=\"S\u00e1rga kereszt turista jelz\u00e9s\" href=\"\/tura\/turistajelzes\"><img decoding=\"async\" class=\"turistajelzeskep\" alt=\"S\u00e1rga kereszt turista jelz\u00e9s\" src=\"\/images\/tura\/jelzesek\/saker1.gif\" \/><\/a> <a class=\"nolink\" title=\"Z\u00f6ld kereszt turista jelz\u00e9s\" href=\"\/tura\/turistajelzes\"><img decoding=\"async\" class=\"turistajelzeskep\" alt=\"Z\u00f6ld kereszt turista jelz\u00e9s\" src=\"\/images\/tura\/jelzesek\/zoker1.gif\" \/><\/a><\/p>\n<hr \/>\n<h5>N\u00e9gyzet turistajelz\u00e9s<\/h5>\n<p>Turistah\u00e1zhoz, mened\u00e9kh\u00e1zhoz, vagy lakott telep\u00fcl\u00e9sre vezet\u0151 utak jelz\u00e9s\u00e9re szolg\u00e1l. <a class=\"nolink\" title=\"K\u00e9k n\u00e9gysz\u00f6g turista jelz\u00e9s\" href=\"\/tura\/turistajelzes\"><img decoding=\"async\" class=\"turistajelzeskep\" alt=\"K\u00e9k n\u00e9gysz\u00f6g turista jelz\u00e9s\" src=\"\/images\/tura\/jelzesek\/kehaz1.gif\" \/><\/a> <a class=\"nolink\" title=\"Piros n\u00e9gysz\u00f6g turista jelz\u00e9s\" href=\"\/tura\/turistajelzes\"><img decoding=\"async\" class=\"turistajelzeskep\" alt=\"Piros n\u00e9gysz\u00f6g turista jelz\u00e9s\" src=\"\/images\/tura\/jelzesek\/pihaz1.gif\" \/><\/a> <a class=\"nolink\" title=\"S\u00e1rga n\u00e9gysz\u00f6g turista jelz\u00e9s\" href=\"\/tura\/turistajelzes\"><img decoding=\"async\" class=\"turistajelzeskep\" alt=\"S\u00e1rga n\u00e9gysz\u00f6g turista jelz\u00e9s\" src=\"\/images\/tura\/jelzesek\/sahaz1.gif\" \/><\/a> <a class=\"nolink\" title=\"Z\u00f6ld n\u00e9gysz\u00f6g turista jelz\u00e9s\" href=\"\/tura\/turistajelzes\"><img decoding=\"async\" class=\"turistajelzeskep\" alt=\"Z\u00f6ld n\u00e9gysz\u00f6g turista jelz\u00e9s\" src=\"\/images\/tura\/jelzesek\/zohaz1.gif\" \/><\/a><\/p>\n<hr \/>\n<h5>H\u00e1romsz\u00f6g turistajelz\u00e9s<\/h5>\n<p>Hegytet\u0151kre, cs\u00facsokra, kil\u00e1t\u00f3pontokra vezet\u0151 utak jelz\u00e9s\u00e9re haszn\u00e1lj\u00e1k. <a class=\"nolink\" title=\"K\u00e9k h\u00e1romsz\u00f6g turista jelz\u00e9s\" href=\"\/tura\/turistajelzes\"><img decoding=\"async\" class=\"turistajelzeskep\" alt=\"K\u00e9k h\u00e1romsz\u00f6g turista jelz\u00e9s\" src=\"\/images\/tura\/jelzesek\/kehar1.gif\" \/><\/a> <a class=\"nolink\" title=\"Piros h\u00e1romsz\u00f6g turista jelz\u00e9s\" href=\"\/tura\/turistajelzes\"><img decoding=\"async\" class=\"turistajelzeskep\" alt=\"Piros h\u00e1romsz\u00f6g turista jelz\u00e9s\" src=\"\/images\/tura\/jelzesek\/pihar1.gif\" \/><\/a> <a class=\"nolink\" title=\"S\u00e1rga h\u00e1romsz\u00f6g turista jelz\u00e9s\" href=\"\/tura\/turistajelzes\"><img decoding=\"async\" class=\"turistajelzeskep\" alt=\"S\u00e1rga h\u00e1romsz\u00f6g turista jelz\u00e9s\" src=\"\/images\/tura\/jelzesek\/sahar1.gif\" \/><\/a>\u00a0 <a class=\"nolink\" title=\"Z\u00f6ld h\u00e1romsz\u00f6g turista jelz\u00e9s\" href=\"\/tura\/turistajelzes\"><img decoding=\"async\" class=\"turistajelzeskep\" alt=\"Z\u00f6ld h\u00e1romsz\u00f6g turista jelz\u00e9s\" src=\"\/images\/tura\/jelzesek\/zohar1.gif\" \/><\/a><\/p>\n<hr \/>\n<h5>K\u00f6r turistajelz\u00e9s<\/h5>\n<p>Forr\u00e1shoz, iv\u00f3v\u00edzv\u00e9teli helyhez vezet\u0151 \u00fat jelz\u00e9s. <a class=\"nolink\" title=\"K\u00e9k O :: forr\u00e1s turista jelz\u00e9s\" href=\"\/tura\/turistajelzes\"><img decoding=\"async\" class=\"turistajelzeskep\" alt=\"K\u00e9k O :: forr\u00e1s turista jelz\u00e9s\" src=\"\/images\/tura\/jelzesek\/kefor1.gif\" \/><\/a> <a class=\"nolink\" title=\"Piros O :: forr\u00e1s turista jelz\u00e9s\" href=\"\/tura\/turistajelzes\"><img decoding=\"async\" class=\"turistajelzeskep\" alt=\"Piros O :: forr\u00e1s turista jelz\u00e9s\" src=\"\/images\/tura\/jelzesek\/pifor1.gif\" \/><\/a> <a class=\"nolink\" title=\"S\u00e1rga O :: forr\u00e1s turista jelz\u00e9s\" href=\"\/tura\/turistajelzes\"><img decoding=\"async\" class=\"turistajelzeskep\" alt=\"S\u00e1rga O :: forr\u00e1s turista jelz\u00e9s\" src=\"\/images\/tura\/jelzesek\/safor1.gif\" \/><\/a> <a class=\"nolink\" title=\"Z\u00f6ld O :: forr\u00e1s turista jelz\u00e9s\" href=\"\/tura\/turistajelzes\"><img decoding=\"async\" class=\"turistajelzeskep\" alt=\"Z\u00f6ld O :: forr\u00e1s turista jelz\u00e9s\" src=\"\/images\/tura\/jelzesek\/zofor1.gif\" \/><\/a><\/p>\n<hr \/>\n<h5>Rom turistajelz\u00e9s<\/h5>\n<p>Romokhoz, &#8211; v\u00e1r rom, kolostor rom, f\u00f6ldv\u00e1r, stb. &#8211; vezet\u0151 turista jelz\u00e9s. <a class=\"nolink\" title=\"K\u00e9k rom turista jelz\u00e9s\" href=\"\/tura\/turistajelzes\"><img decoding=\"async\" class=\"turistajelzeskep\" alt=\"K\u00e9k rom turista jelz\u00e9s\" src=\"\/images\/tura\/jelzesek\/kerom1.gif\" \/><\/a> <a class=\"nolink\" title=\"Piros rom turista jelz\u00e9s\" href=\"\/tura\/turistajelzes\"><img decoding=\"async\" class=\"turistajelzeskep\" alt=\"Piros rom turista jelz\u00e9s\" src=\"\/images\/tura\/jelzesek\/pirom1.gif\" \/><\/a> <a class=\"nolink\" title=\"S\u00e1rga rom turista jelz\u00e9s\" href=\"\/tura\/turistajelzes\"><img decoding=\"async\" class=\"turistajelzeskep\" alt=\"S\u00e1rga rom turista jelz\u00e9s\" src=\"\/images\/tura\/jelzesek\/sarom1.gif\" \/><\/a> <a class=\"nolink\" title=\"Z\u00f6ld rom turista jelz\u00e9s\" href=\"\/tura\/turistajelzes\"><img decoding=\"async\" class=\"turistajelzeskep\" alt=\"Z\u00f6ld rom turista jelz\u00e9s\" src=\"\/images\/tura\/jelzesek\/zorom1.gif\" \/><\/a><\/p>\n<hr \/>\n<h5>Omega turistajelz\u00e9s<\/h5>\n<p>Barlangokhoz, szikla\u00fcregekhez vezet\u0151 \u00fat. <a class=\"nolink\" title=\"K\u00e9k barlang turista jelz\u00e9s\" href=\"\/tura\/turistajelzes\"><img decoding=\"async\" class=\"turistajelzeskep\" alt=\"K\u00e9k barlang turista jelz\u00e9s\" src=\"\/images\/tura\/jelzesek\/kebar1.gif\" \/><\/a> <a class=\"nolink\" title=\"Piros barlang turista jelz\u00e9s\" href=\"\/tura\/turistajelzes\"><img decoding=\"async\" class=\"turistajelzeskep\" alt=\"Piros barlang turista jelz\u00e9s\" src=\"\/images\/tura\/jelzesek\/pibar1.gif\" \/><\/a> <a class=\"nolink\" title=\"S\u00e1rga barlang turista jelz\u00e9s\" href=\"\/tura\/turistajelzes\"><img decoding=\"async\" class=\"turistajelzeskep\" alt=\"S\u00e1rga barlang turista jelz\u00e9s\" src=\"\/images\/tura\/jelzesek\/sabar1.gif\" \/><\/a> <a class=\"nolink\" title=\"Z\u00f6ld barlang turista jelz\u00e9s\" href=\"\/tura\/turistajelzes\"><img decoding=\"async\" class=\"turistajelzeskep\" alt=\"Z\u00f6ld barlang turista jelz\u00e9s\" src=\"\/images\/tura\/jelzesek\/zobar1.gif\" \/><\/a><\/p>\n<hr \/>\n<h5>K\u00f6r\u00fat turistajelz\u00e9s<\/h5>\n<p>K\u00f6nny\u0171 s\u00e9ta\u00fat melynek kezd\u0151 \u00e9s v\u00e9gpontja ugyanott van. <a class=\"nolink\" title=\"K\u00e9k C :: k\u00f6r\u00fat turista jelz\u00e9s\" href=\"\/tura\/turistajelzes\"><img decoding=\"async\" class=\"turistajelzeskep\" alt=\"K\u00e9k C :: k\u00f6r\u00fat turista jelz\u00e9s\" src=\"\/images\/tura\/jelzesek\/kekor1.gif\" \/><\/a> <a class=\"nolink\" title=\"Piros C :: k\u00f6r\u00fat turista jelz\u00e9s\" href=\"\/tura\/turistajelzes\"><img decoding=\"async\" class=\"turistajelzeskep\" alt=\"Piros C :: k\u00f6r\u00fat turista jelz\u00e9s\" src=\"\/images\/tura\/jelzesek\/pikor1.gif\" \/><\/a> <a class=\"nolink\" title=\"S\u00e1rga C :: k\u00f6r\u00fat turista jelz\u00e9s\" href=\"\/tura\/turistajelzes\"><img decoding=\"async\" class=\"turistajelzeskep\" alt=\"S\u00e1rga C :: k\u00f6r\u00fat turista jelz\u00e9s\" src=\"\/images\/tura\/jelzesek\/sakor1.gif\" \/><\/a> <a class=\"nolink\" title=\"Z\u00f6ld C :: k\u00f6r\u00fat turista jelz\u00e9s\" href=\"\/tura\/turistajelzes\"><img decoding=\"async\" class=\"turistajelzeskep\" alt=\"Z\u00f6ld C :: k\u00f6r\u00fat turista jelz\u00e9s\" src=\"\/images\/tura\/jelzesek\/zokor1.gif\" \/><\/a><\/p>\n<hr \/>\n<h5>T\u00f6rl\u0151 jelz\u00e9s<\/h5>\n<p>Valamilyen okb\u00f3l megsz\u0171nt turistajelz\u00e9s t\u00f6rl\u00e9s\u00e9re haszn\u00e1lj\u00e1k. Az X jel sz\u00edne mindig sz\u00fcrke. Ez a jelz\u00e9s a felhagy\u00e1sra ker\u00fclt turista \u00f6sv\u00e9ny jelz\u00e9seit hat\u00e1lyon k\u00edv\u00fcl helyezi. Nem \u00e9rdemes tov\u00e1bb haladni az \u00f6sv\u00e9nyen, hisz a jelek id\u0151vel elkopnak, kifakulnak, elvesztik jel\u00f6l\u0151k\u00e9pess\u00e9g\u00fcket. Van, hogy nem ilyen m\u00f3don jelzik a megsz\u0171nt \u00fatvonalakat, hanem egyszer\u0171en leszedik, lekaparj\u00e1k a jelz\u00e9st, vagy sz\u00fcrke fest\u00e9kkel \u00e1tfestik. <a class=\"nolink\" title=\"t\u00f6rl\u00e9s turista jelz\u00e9s\" href=\"\/tura\/turistajelzes\"><img decoding=\"async\" class=\"turistajelzeskep\" alt=\"sz\u00fcrke t\u00f6rl\u00e9s turista jelz\u00e9s\" src=\"\/images\/tura\/jelzesek\/storno.gif\" \/><\/a><br \/>\n<i>A fenti jelz\u00e9seket a: <a title=\"Az MTSZ weboldala a jelz\u00e9sekr\u0151l\" href=\"http:\/\/www.fsz.bme.hu\/mtsz\/utleiras\/jelzesek.htm\" rel=\"nofollow\">http:\/\/www.fsz.bme.hu\/mtsz\/utleiras\/jelzesek.htm<\/a> oldalr\u00f3l t\u00f6lt\u00f6ttem le. {2005.08.04.} <\/i><\/p>\n<p><i>A fenti jelz\u00e9sek le\u00edr\u00e1sa a: <a title=\"Teljes\u00edtm\u00e9nyt\u00fara weboldal\" href=\"http:\/\/www.ttura.hu\/info\/turistautjelzesek.htm\" rel=\"nofollow\">http:\/\/www.ttura.hu\/info\/turistautjelzesek.htm<\/a> oldalon tal\u00e1lhat\u00f3. {2005.08.04.} <\/i><\/p>\n<div class=\"inpostadsfull\"><div style=\"margin:10px auto;text-align:center;\"><script async src=\"\/\/pagead2.googlesyndication.com\/pagead\/js\/adsbygoogle.js\"><\/script><!-- Dzs-recept-1 --><ins class=\"adsbygoogle\"     style=\"display:inline-block;width:728px;height:90px\"     data-ad-client=\"ca-pub-5246420517641697\"     data-ad-slot=\"3352945761\"><\/ins><script>(adsbygoogle = window.adsbygoogle || []).push({});<\/script><\/div><\/div>","protected":false},"excerpt":{"rendered":"<p>\u2217 T\u00fara \u00bb turista jelz\u00e9sek Turistajelz\u00e9s ismertet\u0151, t\u00fara jelz\u00e9s magyar\u00e1zat A jelen l\u00e1that\u00f3 egys\u00e9ges turista \u00fatjelz\u00e9sek 1930 \u00f3ta haszn\u00e1latosak, m\u00e1s n\u00e9ven turistajelz\u00e9s. A turista t\u00e9rk\u00e9peken piros folytonos vonallal \u00e1br\u00e1zolj\u00e1k az \u00fatvonalakat. A turista\u00fat sz\u00ednjelz\u00e9s\u00e9t vagy a kezd\u0151bet\u0171k felt\u00fcntet\u00e9s\u00e9vel vagy a t\u00e9nyleges sz\u00edn \u00e9s jelz\u00e9s k\u00f3dot \u00e1br\u00e1zolj\u00e1k. A jelz\u00e9seket \u00e1ltal\u00e1ban j\u00f3l l\u00e1that\u00f3 terept\u00e1rgyakra, jellemz\u0151en f\u00e1k t\u00f6rzs\u00e9re [&hellip;]<\/p>\n","protected":false},"author":1,"featured_media":0,"parent":47,"menu_order":0,"comment_status":"closed","ping_status":"closed","template":"","meta":{"footnotes":""},"_links":{"self":[{"href":"http:\/\/www.dzs-z.hu\/tura\/wp-json\/wp\/v2\/pages\/37"}],"collection":[{"href":"http:\/\/www.dzs-z.hu\/tura\/wp-json\/wp\/v2\/pages"}],"about":[{"href":"http:\/\/www.dzs-z.hu\/tura\/wp-json\/wp\/v2\/types\/page"}],"author":[{"embeddable":true,"href":"http:\/\/www.dzs-z.hu\/tura\/wp-json\/wp\/v2\/users\/1"}],"replies":[{"embeddable":true,"href":"http:\/\/www.dzs-z.hu\/tura\/wp-json\/wp\/v2\/comments?post=37"}],"version-history":[{"count":1,"href":"http:\/\/www.dzs-z.hu\/tura\/wp-json\/wp\/v2\/pages\/37\/revisions"}],"predecessor-version":[{"id":38,"href":"http:\/\/www.dzs-z.hu\/tura\/wp-json\/wp\/v2\/pages\/37\/revisions\/38"}],"up":[{"embeddable":true,"href":"http:\/\/www.dzs-z.hu\/tura\/wp-json\/wp\/v2\/pages\/47"}],"wp:attachment":[{"href":"http:\/\/www.dzs-z.hu\/tura\/wp-json\/wp\/v2\/media?parent=37"}],"curies":[{"name":"wp","href":"https:\/\/api.w.org\/{rel}","templated":true}]}}